{"id":16,"date":"2011-04-27T10:40:50","date_gmt":"2011-04-27T08:40:50","guid":{"rendered":"http:\/\/josemariacastillejo.com\/?page_id=16"},"modified":"2016-12-10T03:59:35","modified_gmt":"2016-12-10T01:59:35","slug":"sobre-jose-maria-castillejo","status":"publish","type":"page","link":"https:\/\/josemariacastillejo.com\/ar\/sobre-jose-maria-castillejo\/","title":{"rendered":"\u0639\u0646 \u062e\u0648\u0633\u064a\u0647 \u0645\u0627\u0631\u064a\u0627 \u0643\u0627\u0633\u062a\u064a\u0644\u064a\u062e\u0648"},"content":{"rendered":"<p>&nbsp;<\/p>\n<p style=\"text-align: justify;\">\u0627\u0633\u0645\u064a \u062e\u0648\u0633\u064a\u0647 \u0645\u0627\u0631\u064a\u0627 \u0643\u0627\u0633\u062a\u064a\u064a\u062e\u0648\u060c \u0648\u0644\u062f\u062a \u0641\u064a \u0645\u062f\u0631\u064a\u062f \u0639\u0627\u0645 1962. \u0623\u0646\u0627 \u0643\u0627\u062b\u0648\u0644\u064a\u0643\u064a\u0629\u060c \u0623\u0624\u0645\u0646 \u0625\u064a\u0645\u0627\u0646\u0627\u064b \u0639\u0645\u064a\u0642\u0627\u064b \u0628\u0627\u0644\u0644\u0647 \u0648\u0628\u062d\u064a\u0627\u062a\u0646\u0627 \u0627\u0644\u0623\u0628\u062f\u064a\u0629 \u0641\u064a \u0627\u0644\u0645\u0633\u062a\u0642\u0628\u0644. \u0644\u062f\u064a \u0633\u062a\u0629 \u0623\u0648\u0644\u0627\u062f \u0631\u0627\u0626\u0639\u064a\u0646\u060c \u0633\u062a\u0629 \u0625\u062e\u0648\u0629 \u0648\u0623\u062e\u0648\u0627\u062a \u0639\u0644\u0649 \u0647\u0630\u0647 \u0627\u0644\u0623\u0631\u0636 \u0648\u0627\u062b\u0646\u0627\u0646 \u0641\u064a \u0627\u0644\u0633\u0645\u0627\u0621\u060c \u064a\u0646\u062a\u0638\u0631\u0648\u0646\u0646\u0627 \u0645\u0639 \u0648\u0627\u0644\u062f\u064a\u0646\u0627. \u0623\u0646\u0627 \u064a\u062a\u064a\u0645\u0629 \u0645\u0646\u0630 \u0623\u0646 \u0643\u0646\u062a \u0641\u064a \u0627\u0644\u062d\u0627\u062f\u064a\u0629 \u0639\u0634\u0631\u0629 \u0645\u0646 \u0639\u0645\u0631\u064a. \u0643\u0644 \u0647\u0630\u0647 \u0627\u0644\u0638\u0631\u0648\u0641 \u0641\u064a \u062d\u064a\u0627\u062a\u064a \u0647\u064a \u062f\u0639\u0627\u0626\u0645 \u062a\u0633\u0627\u0639\u062f\u0646\u064a \u0628\u0644\u0627 \u0634\u0643\u060c \u0648\u0642\u062f \u0633\u0627\u0639\u062f\u062a\u0646\u064a \u0648\u0623\u0646\u0627 \u0645\u062a\u0623\u0643\u062f\u0629 \u0623\u0646\u0647\u0627 \u0633\u062a\u0638\u0644 \u062a\u0633\u0627\u0639\u062f\u0646\u064a \u0644\u0623\u0643\u0648\u0646 \u0645\u062a\u0641\u0627\u0626\u0644\u0629 \u0648\u0642\u0648\u064a\u0629 \u0641\u064a \u0627\u0644\u062d\u064a\u0627\u0629 \u0648\u0648\u0627\u062b\u0642\u0629 \u0641\u064a \u0627\u0644\u0645\u0633\u062a\u0642\u0628\u0644\u060c \u062d\u062a\u0649 \u0644\u0648 \u0643\u0627\u0646 \u0627\u0644\u0623\u0645\u0631 \u0635\u0639\u0628\u064b\u0627 \u0641\u064a \u0628\u0639\u0636 \u0627\u0644\u0623\u062d\u064a\u0627\u0646.&nbsp;<img fetchpriority=\"high\" decoding=\"async\" class=\"wp-image-665 size-medium alignright\" src=\"http:\/\/josemariacastillejo.com\/wp-content\/uploads\/2011\/08\/Foto-jose-Maria-recortada-300x282.jpg\" alt=\"Jos\u00e9 Mar\u00eda Castillejo\" width=\"300\" height=\"282\" srcset=\"https:\/\/josemariacastillejo.com\/wp-content\/uploads\/2011\/08\/Foto-jose-Maria-recortada-300x282.jpg 300w, https:\/\/josemariacastillejo.com\/wp-content\/uploads\/2011\/08\/Foto-jose-Maria-recortada.jpg 435w\" sizes=\"(max-width: 300px) 100vw, 300px\" \/><!--more--><\/p>\n<p style=\"text-align: justify;\">\u0623\u062d\u0628 \u0627\u0644\u0631\u064a\u0641 \u0648\u0623\u062d\u0628 \u0627\u0644\u0628\u062d\u0631 \u0648\u0627\u0644\u0627\u0633\u062a\u0645\u062a\u0627\u0639 \u0628\u0627\u0644\u0637\u0628\u064a\u0639\u0629. \u0644\u0642\u062f \u0646\u0634\u0623\u062a\u064f \u0641\u064a \u0631\u064a\u0641 \u0637\u0644\u064a\u0637\u0644\u0629 \u0648\u0627\u0644\u0623\u0646\u062f\u0644\u0633\u060c \u0648\u0641\u064a \u0627\u0644\u0631\u064a\u0641 \u0623\u062d\u062a\u0641\u0638 \u0628\u0623\u062c\u0645\u0644 \u0630\u0643\u0631\u064a\u0627\u062a \u0637\u0641\u0648\u0644\u062a\u064a. \u0644\u0642\u062f \u0627\u0643\u062a\u0634\u0641\u062a \u0627\u0644\u0628\u062d\u0631 \u0639\u0644\u0649 \u0633\u0627\u062d\u0644 \u0643\u0627\u0646\u062a\u0627\u0628\u0631\u064a\u0627\u060c \u0648\u0635\u064a\u062f \u0627\u0644\u0623\u0633\u0645\u0627\u0643 \u0639\u0644\u0649 <a title=\"\u0645\u0635\u0628 \u0628\u0644\u0628\u0627\u0648\" href=\"http:\/\/es.wikipedia.org\/wiki\/R%C3%ADa_de_Bilbao\" target=\"_blank\">\u062e\u0644\u064a\u062c \u0623\u0628\u0631\u0627 \u0628\u0627\u064a<\/a>. \u0644\u0642\u062f \u0627\u0633\u062a\u0645\u062a\u0639\u062a \u0628\u0647\u0627 \u0641\u064a \u0627\u0644\u063a\u0627\u0644\u0628 \u0641\u064a \u062c\u0632\u0631 \u0627\u0644\u0628\u0644\u064a\u0627\u0631\u060c \u0648\u062e\u0627\u0635\u0629 \u0627\u0644\u0625\u0628\u062d\u0627\u0631 \u062d\u0648\u0644 \u0633\u0627\u062d\u0644 \u0645\u0627\u064a\u0648\u0631\u0643\u0627\u060c \u0627\u0644\u062a\u064a \u0623\u0639\u0634\u0642\u0647\u0627 \u062a\u0645\u0627\u0645\u0627\u064b.<\/p>\n<p style=\"text-align: justify;\">\u062a\u0639\u0644\u0645\u062a \u062a\u0642\u062f\u064a\u0631 \u0627\u0644\u0637\u0628\u064a\u0639\u0629 \u0643\u0643\u0644 \u0628\u0637\u0631\u064a\u0642\u0629 \u062e\u0627\u0635\u0629 \u0639\u0646\u062f\u0645\u0627 \u0633\u0627\u0641\u0631\u062a \u0639\u0628\u0631 \u0648\u0644\u0627\u064a\u0629 \u0645\u064a\u0646. \u0648\u0647\u0646\u0627\u0643 \u0642\u0636\u064a\u062a \u0628\u0639\u0636\u064b\u0627 \u0645\u0646 \u0623\u0633\u0639\u062f \u0641\u0635\u0648\u0644 \u0627\u0644\u0635\u064a\u0641 \u0641\u064a \u062d\u064a\u0627\u062a\u064a\u060c \u062d\u064a\u062b \u0642\u0636\u064a\u062a \u0628\u0639\u0636\u064b\u0627 \u0645\u0646 \u0623\u0633\u0639\u062f \u0641\u0635\u0648\u0644 \u0627\u0644\u0635\u064a\u0641 \u0641\u064a \u062d\u064a\u0627\u062a\u064a \u0648\u0623\u0646\u0627 \u0623\u062a\u0633\u0644\u0642 <a title=\"\u062c\u0628\u0627\u0644 \u0631\u0648\u0643\u064a\" href=\"http:\/\/es.wikipedia.org\/wiki\/Monta%C3%B1as_Rocosas\" target=\"_blank\">\u062c\u0628\u0627\u0644 \u0631\u0648\u0643\u064a<\/a>\u0644\u0642\u062f \u0639\u0631\u0641\u062a \u0648\u0646\u0645\u062a \u0644\u0623\u0633\u0627\u0628\u064a\u0639 \u062a\u062d\u062a \u0645\u0638\u0644\u0629 \u0627\u0644\u0646\u062c\u0648\u0645.<\/p>\n<p style=\"text-align: justify;\">\u0644\u0646 \u0623\u0646\u0633\u0649 \u0623\u0628\u062f\u064b\u0627 \u0643\u064a\u0641 \u0643\u0646\u0627 \u0646\u062e\u064a\u0645 \u0639\u0644\u0649 \u062d\u0627\u0641\u0629 \u0627\u0644\u0645\u0627\u0621 \u0639\u0644\u0649 <a title=\"\u0623\u0644\u0627\u062c\u0627\u0634 \" href=\"http:\/\/en.wikipedia.org\/wiki\/Allagash_River\" target=\"_blank\">\u0628\u062d\u064a\u0631\u0629 \u0623\u0644\u0627\u063a\u0627\u0634<\/a>\u0648\u0641\u064a \u0644\u064a\u0644\u0629 \u0645\u0645\u064a\u0632\u0629 \u062d\u0642\u0627\u064b\u060c \u0641\u064a \u0625\u062d\u062f\u0649 \u0627\u0644\u0644\u064a\u0627\u0644\u064a\u060c \u0631\u0623\u064a\u0646\u0627 \u0641\u064a \u0625\u062d\u062f\u0649 \u0627\u0644\u0644\u064a\u0627\u0644\u064a \"\u0627\u0644\u0628\u062d\u064a\u0631\u0629 \u0627\u0644\u062a\u064a \u062a\u062d\u0645\u0644 \u0646\u0641\u0633 \u0627\u0644\u0627\u0633\u0645\" \u0627\u0644\u0634\u0647\u064a\u0631\u0629\u060c \u0627\u0644\u062a\u064a \u0648\u0635\u0644\u0646\u0627 \u0625\u0644\u064a\u0647\u0627 \u0628\u0639\u062f \u0623\u0646 \u062f\u0641\u0639\u0646\u0627 \u0628\u0632\u0648\u0627\u0631\u0642\u0646\u0627 \u0641\u064a \u0627\u0644\u0646\u0647\u0631 \u0627\u0644\u0630\u064a \u064a\u062d\u0645\u0644 \u0646\u0641\u0633 \u0627\u0644\u0627\u0633\u0645 \u0644\u0623\u0643\u062b\u0631 \u0645\u0646 \u062b\u0644\u0627\u062b\u0629 \u0623\u064a\u0627\u0645\u060c \u062a\u0639\u0628\u0631 \u0627\u0644\u0633\u0645\u0627\u0621\u060c \u0645\u0646 \u062c\u0627\u0646\u0628 \u0625\u0644\u0649 \u0622\u062e\u0631\u060c \u0648\u062a\u0637\u0644\u0642 \u0627\u0644\u0646\u062c\u0648\u0645. <a title=\"\u0645\u0630\u0646\u0628 \u0647\u0627\u0644\u064a\" href=\"http:\/\/es.wikipedia.org\/wiki\/Cometa_Halley\" target=\"_blank\">\u0645\u0630\u0646\u0628 \u0647\u0627\u0644\u064a<\/a>. \u0625\u0646\u0647\u0627 \u062a\u062c\u0631\u0628\u0629 \u0633\u062a\u0638\u0644 \u0645\u062d\u0641\u0648\u0631\u0629 \u0641\u064a \u0630\u0627\u0643\u0631\u062a\u064a \u0625\u0644\u0649 \u0627\u0644\u0623\u0628\u062f.<\/p>\n<p style=\"text-align: justify;\">\u0644\u062f\u064a\u0651 \u0623\u064a\u0636\u064b\u0627\u060c \u0643\u0645\u0627 \u0633\u0623\u0648\u0636\u062d \u0641\u064a \u0642\u0633\u0645 \u0622\u062e\u0631 \u0645\u0646 \u0647\u0630\u0627 \u0627\u0644\u0645\u0642\u0627\u0644\u060c \u0645\u0627 \u064a\u0644\u064a <a href=\"http:\/\/josemariacastillejo.com\/\">\u0627\u0644\u0645\u062f\u0648\u0646\u0629<\/a>\u0644\u062f\u064a\u0651 \u0627\u0644\u0639\u062f\u064a\u062f \u0645\u0646 \u0627\u0644\u0623\u0644\u0642\u0627\u0628: \u0628\u0639\u0636\u0647\u0627 \u0645\u0633\u062a\u062d\u0642 \u0639\u0644\u0649 \u0645\u0627 \u064a\u0628\u062f\u0648 \u0648\u0627\u0644\u0628\u0639\u0636 \u0627\u0644\u0622\u062e\u0631 \u0628\u0628\u0633\u0627\u0637\u0629 \u062d\u0635\u0644\u062a \u0639\u0644\u064a\u0647. \u0648\u0645\u0646 \u0628\u064a\u0646 \u0643\u0644 \u0647\u0630\u0647 \u0627\u0644\u0623\u0644\u0642\u0627\u0628\u060c \u0641\u0625\u0646 \u0627\u0644\u0644\u0642\u0628 \u0627\u0644\u0630\u064a \u0623\u0634\u0639\u0631 \u0628\u0623\u0646\u0646\u064a \u0623\u0643\u062b\u0631 \u0645\u0646 \u063a\u064a\u0631\u0647 \u0647\u0648 \u0644\u0642\u0628 \u0631\u0627\u0626\u062f \u0627\u0644\u0623\u0639\u0645\u0627\u0644. \u0641\u0645\u0646\u0630 \u0623\u0646 \u0623\u0646\u0647\u064a\u062a \u062f\u0631\u0627\u0633\u062a\u064a \u0644\u0644\u0641\u0644\u0633\u0641\u0629 \u0641\u064a \u0631\u0648\u0645\u0627\u060c \u0641\u064a <a href=\"http:\/\/www.unigre.it\/home_page_en.php\">\u0627\u0644\u062c\u0627\u0645\u0639\u0629 \u0627\u0644\u0628\u0627\u0628\u0648\u064a\u0629 \u0627\u0644\u063a\u0631\u064a\u063a\u0648\u0631\u064a\u0629 \u0627\u0644\u0628\u0627\u0628\u0648\u064a\u0629<\/a>\u062b\u0645 \u0645\u0627\u062c\u0633\u062a\u064a\u0631 \u0625\u062f\u0627\u0631\u0629 \u0627\u0644\u0623\u0639\u0645\u0627\u0644 \u0641\u064a <a href=\"http:\/\/www.ie.edu\/IE\/site\/php\/es\/\">\u0645\u0639\u0647\u062f \u0627\u0644\u0623\u0639\u0645\u0627\u0644 \u0627\u0644\u062a\u062c\u0627\u0631\u064a\u0629 \u0641\u064a \u0645\u062f\u0631\u064a\u062f<\/a>\u0644\u0645 \u0623\u062a\u0648\u0642\u0641 \u0639\u0646 \u062a\u0646\u0641\u064a\u0630 \u0627\u0644\u0645\u0634\u0627\u0631\u064a\u0639. \u0627\u0646\u062a\u0647\u0649 \u0628\u0639\u0636\u0647\u0627 \u0628\u0627\u0644\u0646\u062c\u0627\u062d \u0648\u0627\u0644\u0628\u0639\u0636 \u0627\u0644\u0622\u062e\u0631 \u0628\u0627\u0644\u0641\u0634\u0644. \u0648\u064a\u0645\u0643\u0646\u0646\u064a \u0623\u0646 \u0623\u0624\u0643\u062f \u0644\u0643\u0645 \u0623\u0646\u0646\u064a \u062a\u0639\u0644\u0645\u062a \u0645\u0646\u0647\u0627 \u062c\u0645\u064a\u0639\u0627\u064b.<\/p>\n<p style=\"text-align: justify;\">\u064a\u062a\u0645 \u062a\u0646\u0641\u064a\u0630 \u062c\u0632\u0621 \u0645\u0647\u0645 \u0645\u0646 \u0639\u0645\u0644\u064a \u0627\u0644\u062d\u0627\u0644\u064a \u062e\u0627\u0631\u062c \u0625\u0633\u0628\u0627\u0646\u064a\u0627\u060c \u0641\u064a \u0623\u062c\u0632\u0627\u0621 \u0645\u062e\u062a\u0644\u0641\u0629 \u0645\u0646 \u0627\u0644\u0639\u0627\u0644\u0645. \u0648\u0641\u064a \u0643\u0644 \u0647\u0630\u0647 \u0627\u0644\u0631\u062d\u0644\u0627\u062a\u060c \u0648\u0644\u0633\u0646\u0648\u0627\u062a \u0637\u0648\u064a\u0644\u0629 \u0648\u0644\u0648\u0642\u062a \u0637\u0648\u064a\u0644\u060c \u0631\u0627\u0641\u0642\u062a\u0646\u064a \u0641\u064a \u0643\u0644 \u0647\u0630\u0647 \u0627\u0644\u0631\u062d\u0644\u0627\u062a \u0634\u062e\u0635\u064a\u0629 \u0623\u0634\u0639\u0631 \u0628\u0627\u0644\u0641\u062e\u0631 \u0627\u0644\u0634\u062f\u064a\u062f \u0628\u0647\u0627. \u0634\u062e\u0635\u064a\u0629 \u0623\u0635\u0628\u062d\u062a\u060c \u0639\u0646 \u063a\u064a\u0631 \u0642\u0635\u062f \u062a\u0642\u0631\u064a\u0628\u0627\u064b\u060c \u0633\u0641\u064a\u0631\u0627\u064b \u0644\u0644\u0645\u0648\u0647\u0628\u0629 \u0627\u0644\u0625\u0633\u0628\u0627\u0646\u064a\u0629 \u062d\u0648\u0644 \u0627\u0644\u0639\u0627\u0644\u0645: <a title=\"\u0628\u0648\u0643\u0648\u064a\u0648\" href=\"http:\/\/www.pocoyo.com\/\" target=\"_blank\">\u0628\u0648\u0643\u0648\u064a\u0648<\/a>. \u0648\u0644\u0643\u0646 \u0647\u0646\u0627\u0643 \u0627\u0644\u0639\u062f\u064a\u062f \u0645\u0646 \u0627\u0644\u0623\u0634\u064a\u0627\u0621 \u0627\u0644\u0623\u062e\u0631\u0649 \u0627\u0644\u062a\u064a \u064a\u062c\u0628 \u0623\u0646 \u062a\u0631\u0648\u0649.<\/p>\n<p style=\"text-align: justify;\">\u0623\u0646\u0627 \u0645\u062a\u062d\u0645\u0633 \u0644\u0623\u0646 \u0647\u0630\u0627 <a title=\"\u062e\u0648\u0633\u064a\u0647 \u0645\u0627\u0631\u064a\u0627 \u0643\u0627\u0633\u062a\u064a\u0644\u064a\u062e\u0648\" href=\"http:\/\/josemariacastillejo.com\/\">\u0627\u0644\u0645\u062f\u0648\u0646\u0629<\/a> \u064a\u0645\u0643\u0646 \u0623\u0646 \u062a\u0643\u0648\u0646 \u0628\u0645\u062b\u0627\u0628\u0629 \u0648\u0633\u064a\u0644\u0629 \u0644\u0644\u062a\u0648\u0627\u0635\u0644 \u0627\u0644\u0645\u0628\u0627\u0634\u0631 \u0645\u0639 \u0623\u0634\u062e\u0627\u0635 \u0622\u062e\u0631\u064a\u0646 \u0645\u0646 \u0645\u062e\u062a\u0644\u0641 \u0627\u0644\u0645\u0647\u0646 \u0648\u0627\u0644\u0623\u0639\u0645\u0627\u0631 \u0648\u0627\u0644\u0627\u0647\u062a\u0645\u0627\u0645\u0627\u062a \u0648\u0627\u0644\u0628\u0644\u062f\u0627\u0646 \u0627\u0644\u0645\u062e\u062a\u0644\u0641\u0629.<\/p>","protected":false},"excerpt":{"rendered":"<p>&nbsp; Me llamo Jos\u00e9 Mar\u00eda Castillejo, nac\u00ed en Madrid en el a\u00f1o 1962. Soy cat\u00f3lico, creo profundamente en Dios y en nuestra futura vida eterna. Tengo seis hijos maravillosos, seis hermanos en esta Tierra y dos en el Cielo, esper\u00e1ndonos junto a nuestros padres. Soy hu\u00e9rfano desde los 11 a\u00f1os. Todas estas circunstancias en mi [&hellip;]<\/p>","protected":false},"author":1,"featured_media":0,"parent":0,"menu_order":0,"comment_status":"open","ping_status":"open","template":"","meta":{"footnotes":""},"class_list":["post-16","page","type-page","status-publish","hentry"],"_links":{"self":[{"href":"https:\/\/josemariacastillejo.com\/ar\/wp-json\/wp\/v2\/pages\/16","targetHints":{"allow":["GET"]}}],"collection":[{"href":"https:\/\/josemariacastillejo.com\/ar\/wp-json\/wp\/v2\/pages"}],"about":[{"href":"https:\/\/josemariacastillejo.com\/ar\/wp-json\/wp\/v2\/types\/page"}],"author":[{"embeddable":true,"href":"https:\/\/josemariacastillejo.com\/ar\/wp-json\/wp\/v2\/users\/1"}],"replies":[{"embeddable":true,"href":"https:\/\/josemariacastillejo.com\/ar\/wp-json\/wp\/v2\/comments?post=16"}],"version-history":[{"count":21,"href":"https:\/\/josemariacastillejo.com\/ar\/wp-json\/wp\/v2\/pages\/16\/revisions"}],"predecessor-version":[{"id":2414,"href":"https:\/\/josemariacastillejo.com\/ar\/wp-json\/wp\/v2\/pages\/16\/revisions\/2414"}],"wp:attachment":[{"href":"https:\/\/josemariacastillejo.com\/ar\/wp-json\/wp\/v2\/media?parent=16"}],"curies":[{"name":"wp","href":"https:\/\/api.w.org\/{rel}","templated":true}]}}