{"id":1787,"date":"2013-06-21T07:54:38","date_gmt":"2013-06-21T07:54:38","guid":{"rendered":"http:\/\/josemariacastillejo.com\/?page_id=1787"},"modified":"2025-11-18T06:59:54","modified_gmt":"2025-11-18T04:59:54","slug":"politica-de-privacidad","status":"publish","type":"page","link":"https:\/\/josemariacastillejo.com\/ar\/politica-de-privacidad\/","title":{"rendered":"\u0633\u064a\u0627\u0633\u0629 \u0627\u0644\u062e\u0635\u0648\u0635\u064a\u0629"},"content":{"rendered":"<div data-elementor-type=\"wp-page\" data-elementor-id=\"1787\" class=\"elementor elementor-1787\" data-elementor-post-type=\"page\">\n\t\t\t\t<div class=\"elementor-element elementor-element-0dbf18d e-flex e-con-boxed e-con e-parent\" data-id=\"0dbf18d\" data-element_type=\"container\" data-e-type=\"container\" data-settings=\"{&quot;background_background&quot;:&quot;gradient&quot;}\">\n\t\t\t\t\t<div class=\"e-con-inner\">\n\t\t\t\t<div class=\"elementor-element elementor-element-8e8f9cd elementor-widget elementor-widget-heading\" data-id=\"8e8f9cd\" data-element_type=\"widget\" data-e-type=\"widget\" data-widget_type=\"heading.default\">\n\t\t\t\t\t<h2 class=\"elementor-heading-title elementor-size-default\">\u0633\u064a\u0627\u0633\u0629 \u0627\u0644\u062e\u0635\u0648\u0635\u064a\u0629\n<\/h2>\t\t\t\t<\/div>\n\t\t\t\t\t<\/div>\n\t\t\t\t<\/div>\n\t\t<div class=\"elementor-element elementor-element-6244751 e-flex e-con-boxed e-con e-parent\" data-id=\"6244751\" data-element_type=\"container\" data-e-type=\"container\">\n\t\t\t\t\t<div class=\"e-con-inner\">\n\t\t\t\t<div class=\"elementor-element elementor-element-9aafbe4 elementor-widget elementor-widget-heading\" data-id=\"9aafbe4\" data-element_type=\"widget\" data-e-type=\"widget\" data-widget_type=\"heading.default\">\n\t\t\t\t\t<h2 class=\"elementor-heading-title elementor-size-default\">\u0633\u064a\u0627\u0633\u0629 \u0627\u0644\u062e\u0635\u0648\u0635\u064a\u0629\n<\/h2>\t\t\t\t<\/div>\n\t\t\t\t<div class=\"elementor-element elementor-element-87566ef elementor-widget elementor-widget-text-editor\" data-id=\"87566ef\" data-element_type=\"widget\" data-e-type=\"widget\" data-widget_type=\"text-editor.default\">\n\t\t\t\t\t\t\t\t\t<p>El titular del sitio web (en adelante, el Titular) informa sobre su Pol\u00edtica de Privacidad respecto del tratamiento y protecci\u00f3n de los datos de car\u00e1cter personal de los usuarios y clientes que puedan ser recabados por la navegaci\u00f3n o contrataci\u00f3n de servicios a trav\u00e9s del sitio web josemariacastillejo.com.<\/p><p>En este sentido, el Titular garantiza el cumplimiento de la normativa vigente en materia de protecci\u00f3n de datos personales, reflejada en el Reglamento (UE) 2016\/679 del Parlamento Europeo y del Consejo de 27 de abril de 2016 relativo a la protecci\u00f3n de las personas f\u00edsicas en lo que respecta al tratamiento de datos personales y a la libre circulaci\u00f3n de estos datos (RGPD).<\/p><p>El uso del sitio web implica la aceptaci\u00f3n de esta Pol\u00edtica de Privacidad, as\u00ed como las condiciones incluidas en el Aviso Legal.<\/p><p><span style=\"color: #000000;\"><strong>Principios aplicados en el tratamiento de datos<\/strong><\/span><\/p><p>En el tratamiento de tus datos personales, el Titular aplicar\u00e1 los siguientes principios que se ajustan a las exigencias del RGPD:<\/p><ul><li style=\"font-weight: 400;\" aria-level=\"1\"><span style=\"font-weight: 400;\">Principio de licitud, lealtad y transparencia: El Titular siempre requerir\u00e1 el consentimiento para el tratamiento de tus datos personales que puede ser para uno o varios fines espec\u00edficos sobre los que te informar\u00e1 previamente con absoluta transparencia.<\/span><\/li><li style=\"font-weight: 400;\" aria-level=\"1\"><span style=\"font-weight: 400;\">Principio de minimizaci\u00f3n de datos: El Titular te solicitar\u00e1 solo los datos estrictamente necesarios para el fin o los fines que los solicita.<\/span><\/li><li style=\"font-weight: 400;\" aria-level=\"1\"><span style=\"font-weight: 400;\">rincipio de limitaci\u00f3n del plazo de conservaci\u00f3n: Los datos se mantendr\u00e1n durante el tiempo estrictamente necesario para el fin o los fines del tratamiento. El Titular te informar\u00e1 del plazo de conservaci\u00f3n correspondiente seg\u00fan la finalidad. En el caso de suscripciones, el Titular revisar\u00e1 peri\u00f3dicamente las listas y eliminar\u00e1 aquellos registros inactivos durante un tiempo considerable.<\/span><\/li><li style=\"font-weight: 400;\" aria-level=\"1\"><span style=\"font-weight: 400;\">Principio de integridad y confidencialidad: Tus datos ser\u00e1n tratados de tal manera que su seguridad, confidencialidad e integridad est\u00e9 garantizada. Debes saber que el Titular toma las precauciones necesarias para evitar el acceso no autorizado o uso indebido de los datos de sus usuarios por parte de terceros.<\/span><\/li><\/ul><p><span style=\"color: #000000;\"><b>Obtenci\u00f3n de datos personales<\/b><\/span><\/p><p><span style=\"font-weight: 400;\">Para navegar por el sitio web no es necesario que facilites ning\u00fan dato personal. Los casos en los que s\u00ed proporcionas tus datos personales son los siguientes:<\/span><\/p><ul><li style=\"font-weight: 400;\" aria-level=\"1\"><span style=\"font-weight: 400;\">Al contactar a trav\u00e9s de los formularios de contacto en el sitio web.<\/span><\/li><li style=\"font-weight: 400;\" aria-level=\"1\"><span style=\"font-weight: 400;\">Al realizar un comentario en un art\u00edculo o p\u00e1gina.<\/span><\/li><li style=\"font-weight: 400;\" aria-level=\"1\"><span style=\"font-weight: 400;\">Al inscribirte en un formulario de suscripci\u00f3n o bolet\u00edn.<\/span><\/li><\/ul><p><span style=\"color: #000000;\"><b>Tus derechos<\/b><\/span><\/p><p><span style=\"font-weight: 400;\">Sobre tus datos personales tienes derecho a:<\/span><\/p><ul><li style=\"font-weight: 400;\" aria-level=\"1\"><span style=\"font-weight: 400;\">Solicitar el acceso a los datos almacenados.<\/span><\/li><li style=\"font-weight: 400;\" aria-level=\"1\"><span style=\"font-weight: 400;\">Solicitar una rectificaci\u00f3n o la supresi\u00f3n.<\/span><\/li><li style=\"font-weight: 400;\" aria-level=\"1\"><span style=\"font-weight: 400;\">Solicitar la limitaci\u00f3n de su tratamiento.<\/span><\/li><li style=\"font-weight: 400;\" aria-level=\"1\"><span style=\"font-weight: 400;\">Oponerte al tratamiento.<\/span><\/li><li style=\"font-weight: 400;\" aria-level=\"1\"><span style=\"font-weight: 400;\">Solicitar la portabilidad de tus datos.<\/span><\/li><\/ul><p><span style=\"font-weight: 400;\">El ejercicio de estos derechos es personal y debe ser ejercido directamente por el interesado, solicit\u00e1ndolo a trav\u00e9s del formulario de contacto en el sitio web. Para cualquier consulta o ejercicio de derechos, utiliza el formulario de contacto disponible en la web.<\/span><\/p><p><span style=\"font-weight: 400;\">Tienes derecho a la tutela judicial efectiva y a presentar una reclamaci\u00f3n ante la autoridad de control competente en materia de protecci\u00f3n de datos en la Uni\u00f3n Europea, si consideras que el tratamiento de datos personales que te conciernen infringe el RGPD.<\/span><\/p><p><span style=\"color: #000000;\"><b>Finalidad del tratamiento de datos personales<\/b><\/span><\/p><p><span style=\"font-weight: 400;\">Cuando te conectas al sitio web para enviar un mensaje a trav\u00e9s del formulario de contacto, suscribirte a un bolet\u00edn o realizar un comentario, est\u00e1s facilitando informaci\u00f3n de car\u00e1cter personal de la que el responsable es el Titular. Esta informaci\u00f3n puede incluir datos como tu direcci\u00f3n IP, nombre, direcci\u00f3n de correo electr\u00f3nico y otra informaci\u00f3n. Al facilitar esta informaci\u00f3n, das tu consentimiento para que sea recopilada, utilizada, gestionada y almacenada solo como se describe en el Aviso Legal y en la presente Pol\u00edtica de Privacidad.<\/span><\/p><p><span style=\"font-weight: 400;\">Los datos personales y la finalidad del tratamiento por parte del Titular es diferente seg\u00fan el sistema de captura de informaci\u00f3n:<\/span><\/p><ul><li style=\"font-weight: 400;\" aria-level=\"1\"><span style=\"font-weight: 400;\">Formularios de contacto: El Titular solicita datos como nombre y correo electr\u00f3nico con la finalidad de responder a tus consultas.<\/span><\/li><li style=\"font-weight: 400;\" aria-level=\"1\"><span style=\"font-weight: 400;\">Formularios de suscripci\u00f3n a contenidos: El Titular solicita nombre y correo electr\u00f3nico para gestionar la lista de suscripciones y enviar boletines.<\/span><\/li><\/ul><p><span style=\"font-weight: 400;\">Existen otras finalidades por las que el Titular trata tus datos personales:<\/span><\/p><ul><li style=\"font-weight: 400;\" aria-level=\"1\"><span style=\"font-weight: 400;\">Para garantizar el cumplimiento de las condiciones recogidas en el Aviso Legal y en la ley aplicable.<\/span><\/li><li style=\"font-weight: 400;\" aria-level=\"1\"><span style=\"font-weight: 400;\">Para apoyar y mejorar los servicios que ofrece este sitio web.<\/span><\/li><li style=\"font-weight: 400;\" aria-level=\"1\"><span style=\"font-weight: 400;\">Para analizar la navegaci\u00f3n mediante datos no identificativos obtenidos a trav\u00e9s de cookies (ver Pol\u00edtica de Cookies).<\/span><\/li><\/ul><p><span style=\"color: #000000;\"><b>Seguridad de los datos personales<\/b><\/span><\/p><p><span style=\"font-weight: 400;\">Para proteger tus datos personales, el Titular toma todas las precauciones razonables y sigue las mejores pr\u00e1cticas de la industria para evitar su p\u00e9rdida, mal uso, acceso indebido, divulgaci\u00f3n, alteraci\u00f3n o destrucci\u00f3n de los mismos.<\/span><\/p><p><span style=\"color: #000000;\"><b>Contenido de otros sitios web<\/b><\/span><\/p><p><span style=\"font-weight: 400;\">Las p\u00e1ginas de este sitio web pueden incluir contenido incrustado (por ejemplo, v\u00eddeos, im\u00e1genes, art\u00edculos, etc.). El contenido incrustado de otras web se comporta exactamente de la misma manera que si hubieras visitado la otra web.<\/span><\/p><p><span style=\"font-weight: 400;\">Estos sitios web pueden recopilar datos sobre ti, utilizar cookies, incrustar un c\u00f3digo de seguimiento adicional de terceros, y supervisar tu interacci\u00f3n usando este c\u00f3digo.<\/span><\/p><p><span style=\"color: #000000;\"><b>Pol\u00edtica de Cookies<\/b><\/span><\/p><p><span style=\"font-weight: 400;\">Para que este sitio web funcione correctamente necesita utilizar cookies, que es una informaci\u00f3n que se almacena en tu navegador web.<\/span><\/p><p><span style=\"font-weight: 400;\">En la p\u00e1gina Pol\u00edtica de Cookies puedes consultar toda la informaci\u00f3n relativa a la pol\u00edtica de recogida, la finalidad y el tratamiento de las cookies.<\/span><\/p><p><span style=\"color: #000000;\"><b>Legitimaci\u00f3n para el tratamiento de datos<\/b><\/span><\/p><p><span style=\"font-weight: 400;\">La base legal para el tratamiento de tus datos es: el consentimiento.<\/span><\/p><p><span style=\"font-weight: 400;\">Para contactar con el Titular, suscribirte a un bolet\u00edn o realizar comentarios en este sitio web tienes que aceptar la presente Pol\u00edtica de Privacidad.<\/span><\/p><p><span style=\"color: #000000;\"><b>Categor\u00edas de datos personales<\/b><\/span><\/p><p><span style=\"font-weight: 400;\">Las categor\u00edas de datos personales que trata el Titular son:<\/span><\/p><ul><li style=\"font-weight: 400;\" aria-level=\"1\"><span style=\"font-weight: 400;\">Datos identificativos (nombre, correo electr\u00f3nico).<\/span><\/li><\/ul><p><span style=\"color: #000000;\"><b>Conservaci\u00f3n de datos personales<\/b><\/span><\/p><p><span style=\"font-weight: 400;\">Los datos personales que proporciones al Titular se conservar\u00e1n hasta que solicites su supresi\u00f3n a trav\u00e9s del formulario de contacto.<\/span><\/p><p><span style=\"color: #000000;\"><b>Destinatarios de datos personales<\/b><\/span><\/p><p><span style=\"font-weight: 400;\">El Titular no comparte datos personales con terceros, salvo obligaci\u00f3n legal.<\/span><\/p><p><span style=\"font-weight: 400;\">Al navegar por el sitio web se pueden recoger datos no identificativos, que pueden incluir la direcci\u00f3n IP, geolocalizaci\u00f3n, un registro de c\u00f3mo se utilizan los servicios y sitios, h\u00e1bitos de navegaci\u00f3n y otros datos que no pueden ser utilizados para identificarte.<\/span><\/p><p><span style=\"color: #000000;\"><b>Exactitud y veracidad de los datos personales<\/b><\/span><\/p><p><span style=\"font-weight: 400;\">Te comprometes a que los datos facilitados al Titular sean correctos, completos, exactos y vigentes, as\u00ed como a mantenerlos debidamente actualizados.<\/span><\/p><p><span style=\"font-weight: 400;\">Como usuario del sitio web eres el \u00fanico responsable de la veracidad y correcci\u00f3n de los datos que remitas al sitio, exonerando al Titular de cualquier responsabilidad al respecto.<\/span><\/p><p><span style=\"color: #000000;\"><b>Aceptaci\u00f3n y consentimiento<\/b><\/span><\/p><p><span style=\"font-weight: 400;\">Como usuario del sitio web declaras haber sido informado de las condiciones sobre protecci\u00f3n de datos de car\u00e1cter personal, aceptas y consientes el tratamiento de los mismos por parte del Titular en la forma y para las finalidades indicadas en esta Pol\u00edtica de Privacidad.<\/span><\/p><p><span style=\"color: #000000;\"><b>Revocabilidad<\/b><\/span><\/p><p><span style=\"font-weight: 400;\">Para ejercitar tus derechos de acceso, rectificaci\u00f3n, supresi\u00f3n, limitaci\u00f3n, oposici\u00f3n y portabilidad, env\u00eda tu solicitud a trav\u00e9s del formulario de contacto en el sitio web.<\/span><\/p><p><span style=\"font-weight: 400;\">El ejercicio de tus derechos no incluye ning\u00fan dato que el Titular est\u00e9 obligado a conservar con fines administrativos, legales o de seguridad.<\/span><\/p><p><span style=\"color: #000000;\"><b>Cambios en la Pol\u00edtica de Privacidad<\/b><\/span><\/p><p><span style=\"font-weight: 400;\">El Titular se reserva el derecho a modificar la presente Pol\u00edtica de Privacidad para adaptarla a novedades legislativas o jurisprudenciales, as\u00ed como a pr\u00e1cticas de la industria.<\/span><\/p><p><span style=\"font-weight: 400;\">Estas pol\u00edticas estar\u00e1n vigentes hasta que sean modificadas por otras debidamente publicadas.<\/span><span style=\"font-weight: 400;\"><br \/><\/span><\/p>\t\t\t\t\t\t\t\t<\/div>\n\t\t\t\t\t<\/div>\n\t\t\t\t<\/div>\n\t\t\t\t<\/div>","protected":false},"excerpt":{"rendered":"<p>Pol\u00edtica de Privacidad Pol\u00edtica de Privacidad El titular del sitio web (en adelante, el Titular) informa sobre su Pol\u00edtica de Privacidad respecto del tratamiento y protecci\u00f3n de los datos de car\u00e1cter personal de los usuarios y clientes que puedan ser recabados por la navegaci\u00f3n o contrataci\u00f3n de servicios a trav\u00e9s del sitio web josemariacastillejo.com. En [&hellip;]<\/p>","protected":false},"author":1,"featured_media":0,"parent":0,"menu_order":0,"comment_status":"closed","ping_status":"closed","template":"","meta":{"footnotes":""},"class_list":["post-1787","page","type-page","status-publish","hentry"],"_links":{"self":[{"href":"https:\/\/josemariacastillejo.com\/ar\/wp-json\/wp\/v2\/pages\/1787","targetHints":{"allow":["GET"]}}],"collection":[{"href":"https:\/\/josemariacastillejo.com\/ar\/wp-json\/wp\/v2\/pages"}],"about":[{"href":"https:\/\/josemariacastillejo.com\/ar\/wp-json\/wp\/v2\/types\/page"}],"author":[{"embeddable":true,"href":"https:\/\/josemariacastillejo.com\/ar\/wp-json\/wp\/v2\/users\/1"}],"replies":[{"embeddable":true,"href":"https:\/\/josemariacastillejo.com\/ar\/wp-json\/wp\/v2\/comments?post=1787"}],"version-history":[{"count":33,"href":"https:\/\/josemariacastillejo.com\/ar\/wp-json\/wp\/v2\/pages\/1787\/revisions"}],"predecessor-version":[{"id":6542,"href":"https:\/\/josemariacastillejo.com\/ar\/wp-json\/wp\/v2\/pages\/1787\/revisions\/6542"}],"wp:attachment":[{"href":"https:\/\/josemariacastillejo.com\/ar\/wp-json\/wp\/v2\/media?parent=1787"}],"curies":[{"name":"wp","href":"https:\/\/api.w.org\/{rel}","templated":true}]}}