{"id":1787,"date":"2013-06-21T07:54:38","date_gmt":"2013-06-21T07:54:38","guid":{"rendered":"http:\/\/josemariacastillejo.com\/?page_id=1787"},"modified":"2025-11-18T06:59:54","modified_gmt":"2025-11-18T04:59:54","slug":"politica-de-privacidad","status":"publish","type":"page","link":"https:\/\/josemariacastillejo.com\/en\/politica-de-privacidad\/","title":{"rendered":"Privacy Policy"},"content":{"rendered":"<div data-elementor-type=\"wp-page\" data-elementor-id=\"1787\" class=\"elementor elementor-1787\" data-elementor-post-type=\"page\">\n\t\t\t\t<div class=\"elementor-element elementor-element-0dbf18d e-flex e-con-boxed e-con e-parent\" data-id=\"0dbf18d\" data-element_type=\"container\" data-e-type=\"container\" data-settings=\"{&quot;background_background&quot;:&quot;gradient&quot;}\">\n\t\t\t\t\t<div class=\"e-con-inner\">\n\t\t\t\t<div class=\"elementor-element elementor-element-8e8f9cd elementor-widget elementor-widget-heading\" data-id=\"8e8f9cd\" data-element_type=\"widget\" data-e-type=\"widget\" data-widget_type=\"heading.default\">\n\t\t\t\t\t<h2 class=\"elementor-heading-title elementor-size-default\">Privacy Policy\n<\/h2>\t\t\t\t<\/div>\n\t\t\t\t\t<\/div>\n\t\t\t\t<\/div>\n\t\t<div class=\"elementor-element elementor-element-6244751 e-flex e-con-boxed e-con e-parent\" data-id=\"6244751\" data-element_type=\"container\" data-e-type=\"container\">\n\t\t\t\t\t<div class=\"e-con-inner\">\n\t\t\t\t<div class=\"elementor-element elementor-element-9aafbe4 elementor-widget elementor-widget-heading\" data-id=\"9aafbe4\" data-element_type=\"widget\" data-e-type=\"widget\" data-widget_type=\"heading.default\">\n\t\t\t\t\t<h2 class=\"elementor-heading-title elementor-size-default\">Privacy Policy\n<\/h2>\t\t\t\t<\/div>\n\t\t\t\t<div class=\"elementor-element elementor-element-87566ef elementor-widget elementor-widget-text-editor\" data-id=\"87566ef\" data-element_type=\"widget\" data-e-type=\"widget\" data-widget_type=\"text-editor.default\">\n\t\t\t\t\t\t\t\t\t<p>The owner of the website (hereinafter, the Owner) reports on its Privacy Policy regarding the processing and protection of personal data of users and customers that may be collected by browsing or contracting services through the website josemariacastillejo.com.<\/p><p>In this regard, the Holder guarantees compliance with current regulations on the protection of personal data, reflected in Regulation (EU) 2016\/679 of the European Parliament and of the Council of 27 April 2016 on the protection of natural persons with regard to the processing of personal data and on the free movement of such data (GDPR).<\/p><p>The use of the website implies the acceptance of this Privacy Policy, as well as the conditions included in the Legal Notice.<\/p><p><span style=\"color: #000000;\"><strong>Principles applied in data processing<\/strong><\/span><\/p><p>In processing your personal data, the Data Controller will apply the following principles that comply with the requirements of the GDPR:<\/p><ul><li style=\"font-weight: 400;\" aria-level=\"1\"><span style=\"font-weight: 400;\">Principle of legality, loyalty and transparency: The Data Controller will always require consent for the processing of your personal data, which may be for one or more specific purposes about which you will be previously informed with absolute transparency.<\/span><\/li><li style=\"font-weight: 400;\" aria-level=\"1\"><span style=\"font-weight: 400;\">Principle of data minimization: The Data Controller will request from you only the data strictly necessary for the purpose or purposes for which it is requested.<\/span><\/li><li style=\"font-weight: 400;\" aria-level=\"1\"><span style=\"font-weight: 400;\">rinciple of limitation of the retention period: Data will be kept for the time strictly necessary for the purpose(s) of the processing. The Data Controller will inform you of the corresponding retention period according to the purpose. In the case of subscriptions, the Data Controller will periodically review the lists and delete those records that have been inactive for a considerable time.<\/span><\/li><li style=\"font-weight: 400;\" aria-level=\"1\"><span style=\"font-weight: 400;\">Principle of integrity and confidentiality: Your data will be treated in such a way that its security, confidentiality and integrity is guaranteed. You should know that the Holder takes the necessary precautions to prevent unauthorized access or misuse of user data by third parties.<\/span><\/li><\/ul><p><span style=\"color: #000000;\"><b>Collection of personal data<\/b><\/span><\/p><p><span style=\"font-weight: 400;\">To browse the website you do not need to provide any personal data. The cases in which you do provide your personal data are the following:<\/span><\/p><ul><li style=\"font-weight: 400;\" aria-level=\"1\"><span style=\"font-weight: 400;\">By contacting us through the contact forms on the website.<\/span><\/li><li style=\"font-weight: 400;\" aria-level=\"1\"><span style=\"font-weight: 400;\">When commenting on an article or page.<\/span><\/li><li style=\"font-weight: 400;\" aria-level=\"1\"><span style=\"font-weight: 400;\">When you sign up for a subscription form or newsletter.<\/span><\/li><\/ul><p><span style=\"color: #000000;\"><b>Your rights<\/b><\/span><\/p><p><span style=\"font-weight: 400;\">About your personal data you have the right to:<\/span><\/p><ul><li style=\"font-weight: 400;\" aria-level=\"1\"><span style=\"font-weight: 400;\">Request access to stored data.<\/span><\/li><li style=\"font-weight: 400;\" aria-level=\"1\"><span style=\"font-weight: 400;\">Request a correction or deletion.<\/span><\/li><li style=\"font-weight: 400;\" aria-level=\"1\"><span style=\"font-weight: 400;\">Request the limitation of your treatment.<\/span><\/li><li style=\"font-weight: 400;\" aria-level=\"1\"><span style=\"font-weight: 400;\">Oppose treatment.<\/span><\/li><li style=\"font-weight: 400;\" aria-level=\"1\"><span style=\"font-weight: 400;\">Request the portability of your data.<\/span><\/li><\/ul><p><span style=\"font-weight: 400;\">The exercise of these rights is personal and must be exercised directly by the interested party, requesting it through the contact form on the website. For any query or exercise of rights, please use the contact form available on the website.<\/span><\/p><p><span style=\"font-weight: 400;\">You have the right to effective judicial protection and to lodge a complaint with the competent supervisory authority for data protection in the European Union, if you consider that the processing of personal data concerning you is in breach of the GDPR.<\/span><\/p><p><span style=\"color: #000000;\"><b>Purpose of personal data processing<\/b><\/span><\/p><p><span style=\"font-weight: 400;\">When you connect to the website to send a message through the contact form, subscribe to a newsletter or make a comment, you are providing personal information for which the Owner is responsible. This information may include information such as your IP address, name, email address and other information. By providing this information, you consent to it being collected, used, managed and stored only as described in the Legal Notice and this Privacy Policy.<\/span><\/p><p><span style=\"font-weight: 400;\">The personal data and the purpose of the processing by the Holder is different according to the information capture system:<\/span><\/p><ul><li style=\"font-weight: 400;\" aria-level=\"1\"><span style=\"font-weight: 400;\">Contact forms: The Holder requests data such as name and email address in order to respond to your inquiries.<\/span><\/li><li style=\"font-weight: 400;\" aria-level=\"1\"><span style=\"font-weight: 400;\">Content subscription forms: The Owner requests name and e-mail address to manage the subscription list and send newsletters.<\/span><\/li><\/ul><p><span style=\"font-weight: 400;\">There are other purposes for which the Data Controller treats your personal data:<\/span><\/p><ul><li style=\"font-weight: 400;\" aria-level=\"1\"><span style=\"font-weight: 400;\">To ensure compliance with the conditions contained in the Legal Notice and applicable law.<\/span><\/li><li style=\"font-weight: 400;\" aria-level=\"1\"><span style=\"font-weight: 400;\">To support and improve the services offered by this website.<\/span><\/li><li style=\"font-weight: 400;\" aria-level=\"1\"><span style=\"font-weight: 400;\">To analyze navigation through non-identifying data obtained through cookies (see Cookies Policy).<\/span><\/li><\/ul><p><span style=\"color: #000000;\"><b>Personal data security<\/b><\/span><\/p><p><span style=\"font-weight: 400;\">To protect your personal data, the Data Controller takes all reasonable precautions and follows industry best practices to prevent the loss, misuse, improper access, disclosure, alteration or destruction of your personal data.<\/span><\/p><p><span style=\"color: #000000;\"><b>Content from other websites<\/b><\/span><\/p><p><span style=\"font-weight: 400;\">Pages on this website may include embedded content (e.g., videos, images, articles, etc.). Embedded content from other websites behaves in exactly the same way as if you had visited the other website.<\/span><\/p><p><span style=\"font-weight: 400;\">These websites may collect data about you, use cookies, embed additional third-party tracking code, and monitor your interaction using this code.<\/span><\/p><p><span style=\"color: #000000;\"><b>Cookies Policy<\/b><\/span><\/p><p><span style=\"font-weight: 400;\">In order for this website to function properly it needs to use cookies, which is information that is stored in your web browser.<\/span><\/p><p><span style=\"font-weight: 400;\">On the Cookie Policy page you can consult all the information regarding the collection policy, the purpose and treatment of cookies.<\/span><\/p><p><span style=\"color: #000000;\"><b>Legitimation for data processing<\/b><\/span><\/p><p><span style=\"font-weight: 400;\">The legal basis for the processing of your data is: consent.<\/span><\/p><p><span style=\"font-weight: 400;\">To contact the Owner, subscribe to a newsletter or make comments on this website you must accept this Privacy Policy.<\/span><\/p><p><span style=\"color: #000000;\"><b>Categories of personal data<\/b><\/span><\/p><p><span style=\"font-weight: 400;\">The categories of personal data processed by the Data Controller are:<\/span><\/p><ul><li style=\"font-weight: 400;\" aria-level=\"1\"><span style=\"font-weight: 400;\">Identification data (name, e-mail).<\/span><\/li><\/ul><p><span style=\"color: #000000;\"><b>Retention of personal data<\/b><\/span><\/p><p><span style=\"font-weight: 400;\">The personal data you provide to the Data Controller will be kept until you request its deletion through the contact form.<\/span><\/p><p><span style=\"color: #000000;\"><b>Recipients of personal data<\/b><\/span><\/p><p><span style=\"font-weight: 400;\">The Data Controller does not share personal data with third parties, unless legally required to do so.<\/span><\/p><p><span style=\"font-weight: 400;\">As you browse the website non-identifying data may be collected, which may include IP address, geolocation, a record of how services and sites are used, browsing habits and other data that cannot be used to identify you.<\/span><\/p><p><span style=\"color: #000000;\"><b>Accuracy and veracity of personal data<\/b><\/span><\/p><p><span style=\"font-weight: 400;\">You undertake that the data provided to the Holder are correct, complete, accurate and current, as well as to keep them properly updated.<\/span><\/p><p><span style=\"font-weight: 400;\">As a user of the website you are solely responsible for the accuracy and correctness of the data you submit to the site, exonerating the Holder of any liability in this regard.<\/span><\/p><p><span style=\"color: #000000;\"><b>Acceptance and consent<\/b><\/span><\/p><p><span style=\"font-weight: 400;\">As a user of the website you declare to have been informed of the conditions on protection of personal data, accept and consent to the processing of such data by the Holder in the manner and for the purposes stated in this Privacy Policy.<\/span><\/p><p><span style=\"color: #000000;\"><b>Revocability<\/b><\/span><\/p><p><span style=\"font-weight: 400;\">To exercise your rights of access, rectification, deletion, limitation, opposition and portability, send your request through the contact form on the website.<\/span><\/p><p><span style=\"font-weight: 400;\">The exercise of your rights does not include any data that the Data Controller is obliged to retain for administrative, legal or security purposes.<\/span><\/p><p><span style=\"color: #000000;\"><b>Changes in the Privacy Policy<\/b><\/span><\/p><p><span style=\"font-weight: 400;\">The Owner reserves the right to modify this Privacy Policy to adapt it to new legislation or jurisprudence, as well as to industry practices.<\/span><\/p><p><span style=\"font-weight: 400;\">These policies shall remain in effect until modified by other duly published policies.<\/span><span style=\"font-weight: 400;\"><br \/><\/span><\/p>\t\t\t\t\t\t\t\t<\/div>\n\t\t\t\t\t<\/div>\n\t\t\t\t<\/div>\n\t\t\t\t<\/div>","protected":false},"excerpt":{"rendered":"<p>Pol\u00edtica de Privacidad Pol\u00edtica de Privacidad El titular del sitio web (en adelante, el Titular) informa sobre su Pol\u00edtica de Privacidad respecto del tratamiento y protecci\u00f3n de los datos de car\u00e1cter personal de los usuarios y clientes que puedan ser recabados por la navegaci\u00f3n o contrataci\u00f3n de servicios a trav\u00e9s del sitio web josemariacastillejo.com. En [&hellip;]<\/p>","protected":false},"author":1,"featured_media":0,"parent":0,"menu_order":0,"comment_status":"closed","ping_status":"closed","template":"","meta":{"footnotes":""},"class_list":["post-1787","page","type-page","status-publish","hentry"],"_links":{"self":[{"href":"https:\/\/josemariacastillejo.com\/en\/wp-json\/wp\/v2\/pages\/1787","targetHints":{"allow":["GET"]}}],"collection":[{"href":"https:\/\/josemariacastillejo.com\/en\/wp-json\/wp\/v2\/pages"}],"about":[{"href":"https:\/\/josemariacastillejo.com\/en\/wp-json\/wp\/v2\/types\/page"}],"author":[{"embeddable":true,"href":"https:\/\/josemariacastillejo.com\/en\/wp-json\/wp\/v2\/users\/1"}],"replies":[{"embeddable":true,"href":"https:\/\/josemariacastillejo.com\/en\/wp-json\/wp\/v2\/comments?post=1787"}],"version-history":[{"count":33,"href":"https:\/\/josemariacastillejo.com\/en\/wp-json\/wp\/v2\/pages\/1787\/revisions"}],"predecessor-version":[{"id":6542,"href":"https:\/\/josemariacastillejo.com\/en\/wp-json\/wp\/v2\/pages\/1787\/revisions\/6542"}],"wp:attachment":[{"href":"https:\/\/josemariacastillejo.com\/en\/wp-json\/wp\/v2\/media?parent=1787"}],"curies":[{"name":"wp","href":"https:\/\/api.w.org\/{rel}","templated":true}]}}