{"id":2742,"date":"2025-08-19T06:27:56","date_gmt":"2025-08-19T04:27:56","guid":{"rendered":"https:\/\/josemariacastillejo.com\/?page_id=2742"},"modified":"2026-02-09T15:09:50","modified_gmt":"2026-02-09T13:09:50","slug":"contact","status":"publish","type":"page","link":"https:\/\/josemariacastillejo.com\/en\/contact\/","title":{"rendered":"Contact"},"content":{"rendered":"<div data-elementor-type=\"wp-page\" data-elementor-id=\"2742\" class=\"elementor elementor-2742\" data-elementor-post-type=\"page\">\n\t\t\t\t<div class=\"elementor-element elementor-element-c4a23bb e-flex e-con-boxed e-con e-parent\" data-id=\"c4a23bb\" data-element_type=\"container\" data-e-type=\"container\" data-settings=\"{&quot;background_background&quot;:&quot;gradient&quot;}\">\n\t\t\t\t\t<div class=\"e-con-inner\">\n\t\t<div class=\"elementor-element elementor-element-4ae74af e-con-full e-flex e-con e-child\" data-id=\"4ae74af\" data-element_type=\"container\" data-e-type=\"container\">\n\t\t\t\t<div class=\"elementor-element elementor-element-9696de3 elementor-widget elementor-widget-heading\" data-id=\"9696de3\" data-element_type=\"widget\" data-e-type=\"widget\" data-widget_type=\"heading.default\">\n\t\t\t\t\t<h2 class=\"elementor-heading-title elementor-size-default\">Let's talk<\/h2>\t\t\t\t<\/div>\n\t\t\t\t<div class=\"elementor-element elementor-element-8e95d0a elementor-widget__width-initial elementor-widget elementor-widget-text-editor\" data-id=\"8e95d0a\" data-element_type=\"widget\" data-e-type=\"widget\" data-widget_type=\"text-editor.default\">\n\t\t\t\t\t\t\t\t\t<p>Every message matters to me.<\/p><p>Whether it's to collaborate, share comments or just say hello, I'm here to hear about your life experiences, your quests for peace and personal growth.<\/p><p>Share your challenges in longevity, emotional resilience or daily motivation: I can offer you the lessons I have learned along the way, applied with faith and discipline for real transformation.<\/p><p>Use the form to connect securely and confidentially-together, we find that inner strength.<\/p>\t\t\t\t\t\t\t\t<\/div>\n\t\t\t\t<div class=\"elementor-element elementor-element-0520412 elementor-view-stacked elementor-position-inline-start elementor-mobile-position-inline-start elementor-hidden-widescreen elementor-hidden-desktop elementor-hidden-laptop elementor-hidden-tablet_extra elementor-hidden-tablet elementor-hidden-mobile_extra elementor-hidden-mobile elementor-shape-circle elementor-widget elementor-widget-icon-box\" data-id=\"0520412\" data-element_type=\"widget\" data-e-type=\"widget\" data-widget_type=\"icon-box.default\">\n\t\t\t\t\t\t\t<div class=\"elementor-icon-box-wrapper\">\n\n\t\t\t\t\t\t<div class=\"elementor-icon-box-icon\">\n\t\t\t\t<span  class=\"elementor-icon\">\n\t\t\t\t<svg xmlns=\"http:\/\/www.w3.org\/2000\/svg\" width=\"20\" height=\"16\" viewbox=\"0 0 20 16\" fill=\"none\"><path d=\"M1.875 0.5C0.839844 0.5 0 1.33984 0 2.375C0 2.96484 0.277344 3.51953 0.75 3.875L9.25 10.25C9.69531 10.582 10.3047 10.582 10.75 10.25L19.25 3.875C19.7227 3.51953 20 2.96484 20 2.375C20 1.33984 19.1602 0.5 18.125 0.5H1.875ZM0 4.875V13C0 14.3789 1.12109 15.5 2.5 15.5H17.5C18.8789 15.5 20 14.3789 20 13V4.875L11.5 11.25C10.6094 11.918 9.39062 11.918 8.5 11.25L0 4.875Z\" fill=\"white\"><\/path><\/svg>\t\t\t\t<\/span>\n\t\t\t<\/div>\n\t\t\t\n\t\t\t\t\t\t<div class=\"elementor-icon-box-content\">\n\n\t\t\t\t\t\t\t\t\t<h3 class=\"elementor-icon-box-title\">\n\t\t\t\t\t\t<span  >\n\t\t\t\t\t\t\tEmail\t\t\t\t\t\t<\/span>\n\t\t\t\t\t<\/h3>\n\t\t\t\t\n\t\t\t\t\t\t\t\t\t<p class=\"elementor-icon-box-description\">\n\t\t\t\t\t\thello@josemariacastillejo.com\t\t\t\t\t<\/p>\n\t\t\t\t\n\t\t\t<\/div>\n\t\t\t\n\t\t<\/div>\n\t\t\t\t\t\t<\/div>\n\t\t\t\t<div class=\"elementor-element elementor-element-616e116 elementor-hidden-widescreen elementor-hidden-desktop elementor-hidden-laptop elementor-hidden-tablet_extra elementor-hidden-tablet elementor-hidden-mobile_extra elementor-hidden-mobile elementor-widget-divider--view-line elementor-widget elementor-widget-divider\" data-id=\"616e116\" data-element_type=\"widget\" data-e-type=\"widget\" data-widget_type=\"divider.default\">\n\t\t\t\t\t\t\t<div class=\"elementor-divider\">\n\t\t\t<span class=\"elementor-divider-separator\">\n\t\t\t\t\t\t<\/span>\n\t\t<\/div>\n\t\t\t\t\t\t<\/div>\n\t\t\t\t<div class=\"elementor-element elementor-element-ae05d89 elementor-view-stacked elementor-position-inline-start elementor-mobile-position-inline-start elementor-hidden-widescreen elementor-hidden-desktop elementor-hidden-laptop elementor-hidden-tablet_extra elementor-hidden-tablet elementor-hidden-mobile_extra elementor-hidden-mobile elementor-shape-circle elementor-widget elementor-widget-icon-box\" data-id=\"ae05d89\" data-element_type=\"widget\" data-e-type=\"widget\" data-widget_type=\"icon-box.default\">\n\t\t\t\t\t\t\t<div class=\"elementor-icon-box-wrapper\">\n\n\t\t\t\t\t\t<div class=\"elementor-icon-box-icon\">\n\t\t\t\t<span  class=\"elementor-icon\">\n\t\t\t\t<svg xmlns=\"http:\/\/www.w3.org\/2000\/svg\" width=\"18\" height=\"21\" viewbox=\"0 0 18 21\" fill=\"none\"><g><path d=\"M9.00361 5.80806C6.44826 5.80806 4.38709 7.86923 4.38709 10.4246C4.38709 12.9799 6.44826 15.0411 9.00361 15.0411C11.559 15.0411 13.6201 12.9799 13.6201 10.4246C13.6201 7.86923 11.559 5.80806 9.00361 5.80806ZM9.00361 13.4259C7.35227 13.4259 6.00227 12.0799 6.00227 10.4246C6.00227 8.76923 7.34826 7.42324 9.00361 7.42324C10.659 7.42324 12.005 8.76923 12.005 10.4246C12.005 12.0799 10.655 13.4259 9.00361 13.4259ZM14.8858 5.61923C14.8858 6.21789 14.4036 6.69601 13.809 6.69601C13.2103 6.69601 12.7322 6.21387 12.7322 5.61923C12.7322 5.02458 13.2143 4.54244 13.809 4.54244C14.4036 4.54244 14.8858 5.02458 14.8858 5.61923ZM17.9433 6.71208C17.875 5.26967 17.5456 3.99199 16.4889 2.93932C15.4362 1.88664 14.1585 1.55717 12.7161 1.48485C11.2295 1.40048 6.7737 1.40048 5.2871 1.48485C3.8487 1.55315 2.57102 1.88262 1.51433 2.9353C0.457631 3.98798 0.132185 5.26565 0.0598633 6.70806C-0.0245117 8.19467 -0.0245117 12.6505 0.0598633 14.1371C0.128167 15.5795 0.457631 16.8572 1.51433 17.9098C2.57102 18.9625 3.84468 19.292 5.2871 19.3643C6.7737 19.4487 11.2295 19.4487 12.7161 19.3643C14.1585 19.296 15.4362 18.9665 16.4889 17.9098C17.5416 16.8572 17.871 15.5795 17.9433 14.1371C18.0277 12.6505 18.0277 8.19869 17.9433 6.71208ZM16.0228 15.7322C15.7094 16.5197 15.1027 17.1264 14.3112 17.4438C13.1259 17.9139 10.3134 17.8054 9.00361 17.8054C7.69379 17.8054 4.87727 17.9098 3.69602 17.4438C2.90852 17.1304 2.30183 16.5237 1.98442 15.7322C1.51433 14.5469 1.62281 11.7344 1.62281 10.4246C1.62281 9.11476 1.51835 6.29824 1.98442 5.11699C2.29781 4.32949 2.90451 3.7228 3.69602 3.40539C4.88129 2.9353 7.69379 3.04378 9.00361 3.04378C10.3134 3.04378 13.13 2.93932 14.3112 3.40539C15.0987 3.71878 15.7054 4.32548 16.0228 5.11699C16.4929 6.30226 16.3844 9.11476 16.3844 10.4246C16.3844 11.7344 16.4929 14.5509 16.0228 15.7322Z\" fill=\"white\"><\/path><\/g><defs><\/defs><\/svg>\t\t\t\t<\/span>\n\t\t\t<\/div>\n\t\t\t\n\t\t\t\t\t\t<div class=\"elementor-icon-box-content\">\n\n\t\t\t\t\t\t\t\t\t<h3 class=\"elementor-icon-box-title\">\n\t\t\t\t\t\t<span  >\n\t\t\t\t\t\t\tInstagram DM\t\t\t\t\t\t<\/span>\n\t\t\t\t\t<\/h3>\n\t\t\t\t\n\t\t\t\t\t\t\t\t\t<p class=\"elementor-icon-box-description\">\n\t\t\t\t\t\t@josemariacastillejo\t\t\t\t\t<\/p>\n\t\t\t\t\n\t\t\t<\/div>\n\t\t\t\n\t\t<\/div>\n\t\t\t\t\t\t<\/div>\n\t\t\t\t<div class=\"elementor-element elementor-element-eae11cf elementor-hidden-widescreen elementor-hidden-desktop elementor-hidden-laptop elementor-hidden-tablet_extra elementor-hidden-tablet elementor-hidden-mobile_extra elementor-hidden-mobile elementor-widget-divider--view-line elementor-widget elementor-widget-divider\" data-id=\"eae11cf\" data-element_type=\"widget\" data-e-type=\"widget\" data-widget_type=\"divider.default\">\n\t\t\t\t\t\t\t<div class=\"elementor-divider\">\n\t\t\t<span class=\"elementor-divider-separator\">\n\t\t\t\t\t\t<\/span>\n\t\t<\/div>\n\t\t\t\t\t\t<\/div>\n\t\t\t\t<div class=\"elementor-element elementor-element-71b4c9e elementor-view-stacked elementor-position-inline-start elementor-mobile-position-inline-start elementor-hidden-widescreen elementor-hidden-desktop elementor-hidden-laptop elementor-hidden-tablet_extra elementor-hidden-tablet elementor-hidden-mobile_extra elementor-hidden-mobile elementor-shape-circle elementor-widget elementor-widget-icon-box\" data-id=\"71b4c9e\" data-element_type=\"widget\" data-e-type=\"widget\" data-widget_type=\"icon-box.default\">\n\t\t\t\t\t\t\t<div class=\"elementor-icon-box-wrapper\">\n\n\t\t\t\t\t\t<div class=\"elementor-icon-box-icon\">\n\t\t\t\t<span  class=\"elementor-icon\">\n\t\t\t\t<svg xmlns=\"http:\/\/www.w3.org\/2000\/svg\" width=\"20\" height=\"21\" viewbox=\"0 0 20 21\" fill=\"none\"><g><path d=\"M9.875 0.415344C4.42117 0.415344 0 4.83652 0 10.2903C0 15.7442 4.42117 20.1653 9.875 20.1653C15.3288 20.1653 19.75 15.7442 19.75 10.2903C19.75 4.83652 15.3288 0.415344 9.875 0.415344ZM14.4522 7.13114C14.3036 8.69263 13.6606 12.4819 13.3333 14.2308C13.1949 14.9708 12.9223 15.2189 12.6585 15.2432C12.0851 15.296 11.6496 14.8642 11.0941 14.5001C10.225 13.9304 9.734 13.5757 8.89033 13.0198C7.91537 12.3773 8.54741 12.0243 9.10304 11.447C9.24846 11.2959 11.7751 8.99771 11.824 8.78922C11.8301 8.76314 11.836 8.66579 11.7781 8.61466C11.7202 8.56353 11.6351 8.58085 11.5736 8.59475C11.4865 8.61455 10.098 9.53226 7.40828 11.3479C7.01421 11.6185 6.65725 11.7503 6.3374 11.7434C5.98481 11.7358 5.30658 11.5441 4.80236 11.3802C4.18393 11.1792 3.69241 11.0729 3.73522 10.7315C3.75752 10.5536 4.0024 10.3718 4.46987 10.186C7.34865 8.93175 9.26827 8.10485 10.2287 7.70528C12.9711 6.5646 13.541 6.36646 13.9124 6.35986C13.9941 6.3585 14.1768 6.37873 14.2951 6.47473C14.3738 6.54312 14.4239 6.63855 14.4356 6.74215C14.4557 6.87079 14.4612 7.00127 14.4522 7.13114Z\" fill=\"white\"><\/path><\/g><defs><\/defs><\/svg>\t\t\t\t<\/span>\n\t\t\t<\/div>\n\t\t\t\n\t\t\t\t\t\t<div class=\"elementor-icon-box-content\">\n\n\t\t\t\t\t\t\t\t\t<h3 class=\"elementor-icon-box-title\">\n\t\t\t\t\t\t<span  >\n\t\t\t\t\t\t\tTelegram\t\t\t\t\t\t<\/span>\n\t\t\t\t\t<\/h3>\n\t\t\t\t\n\t\t\t\t\t\t\t\t\t<p class=\"elementor-icon-box-description\">\n\t\t\t\t\t\tQuick responses\t\t\t\t\t<\/p>\n\t\t\t\t\n\t\t\t<\/div>\n\t\t\t\n\t\t<\/div>\n\t\t\t\t\t\t<\/div>\n\t\t\t\t<div class=\"elementor-element elementor-element-d8783b7 elementor-hidden-widescreen elementor-hidden-desktop elementor-hidden-laptop elementor-hidden-tablet_extra elementor-hidden-tablet elementor-hidden-mobile_extra elementor-hidden-mobile elementor-widget-divider--view-line elementor-widget elementor-widget-divider\" data-id=\"d8783b7\" data-element_type=\"widget\" data-e-type=\"widget\" data-widget_type=\"divider.default\">\n\t\t\t\t\t\t\t<div class=\"elementor-divider\">\n\t\t\t<span class=\"elementor-divider-separator\">\n\t\t\t\t\t\t<\/span>\n\t\t<\/div>\n\t\t\t\t\t\t<\/div>\n\t\t\t\t<\/div>\n\t\t<div class=\"elementor-element elementor-element-46613ea e-con-full e-flex e-con e-child\" data-id=\"46613ea\" data-element_type=\"container\" data-e-type=\"container\" data-settings=\"{&quot;background_background&quot;:&quot;classic&quot;}\">\n\t\t\t\t<div class=\"elementor-element elementor-element-bb0ec81 elementor-widget elementor-widget-heading\" data-id=\"bb0ec81\" data-element_type=\"widget\" data-e-type=\"widget\" data-widget_type=\"heading.default\">\n\t\t\t\t\t<h2 class=\"elementor-heading-title elementor-size-default\">Send me a message\n<\/h2>\t\t\t\t<\/div>\n\t\t\t\t<div class=\"elementor-element elementor-element-ae217be elementor-button-align-start elementor-widget elementor-widget-form\" data-id=\"ae217be\" data-element_type=\"widget\" data-e-type=\"widget\" data-settings=\"{&quot;step_next_label&quot;:&quot;Next&quot;,&quot;step_previous_label&quot;:&quot;Previous&quot;,&quot;button_width&quot;:&quot;100&quot;,&quot;step_type&quot;:&quot;number_text&quot;,&quot;step_icon_shape&quot;:&quot;circle&quot;}\" data-widget_type=\"form.default\">\n\t\t\t\t\t\t\t<form class=\"elementor-form\" method=\"post\" name=\"New Form\" aria-label=\"New Form\" action=\"\">\n\t\t\t<input type=\"hidden\" name=\"post_id\" value=\"2742\"\/>\n\t\t\t<input type=\"hidden\" name=\"form_id\" value=\"ae217be\"\/>\n\t\t\t<input type=\"hidden\" name=\"referer_title\" value=\"Contact\" \/>\n\n\t\t\t\t\t\t\t<input type=\"hidden\" name=\"queried_id\" value=\"2742\"\/>\n\t\t\t\n\t\t\t<div class=\"elementor-form-fields-wrapper elementor-labels-above\">\n\t\t\t\t\t\t\t\t<div class=\"elementor-field-type-text elementor-field-group elementor-column elementor-field-group-name elementor-col-100\">\n\t\t\t\t\t\t\t\t\t\t\t\t<label for=\"form-field-name\" class=\"elementor-field-label\">\n\t\t\t\t\t\t\t\tYour name\t\t\t\t\t\t\t<\/label>\n\t\t\t\t\t\t\t\t\t\t\t\t\t\t<input size=\"1\" type=\"text\" name=\"form_fields[name]\" id=\"form-field-name\" class=\"elementor-field elementor-size-sm  elementor-field-textual\" placeholder=\"Jos\u00e9 Mar\u00eda\">\n\t\t\t\t\t\t\t\t\t\t\t<\/div>\n\t\t\t\t\t\t\t\t<div class=\"elementor-field-type-email elementor-field-group elementor-column elementor-field-group-email elementor-col-100 elementor-field-required\">\n\t\t\t\t\t\t\t\t\t\t\t\t<label for=\"form-field-email\" class=\"elementor-field-label\">\n\t\t\t\t\t\t\t\tEmail Address\t\t\t\t\t\t\t<\/label>\n\t\t\t\t\t\t\t\t\t\t\t\t\t\t<input size=\"1\" type=\"email\" name=\"form_fields[email]\" id=\"form-field-email\" class=\"elementor-field elementor-size-sm  elementor-field-textual\" placeholder=\"your.email@example.com\" required=\"required\">\n\t\t\t\t\t\t\t\t\t\t\t<\/div>\n\t\t\t\t\t\t\t\t<div class=\"elementor-field-type-select elementor-field-group elementor-column elementor-field-group-field_fea12fb elementor-col-100\">\n\t\t\t\t\t\t\t\t\t\t\t\t<label for=\"form-field-field_fea12fb\" class=\"elementor-field-label\">\n\t\t\t\t\t\t\t\tWhat is this all about?\t\t\t\t\t\t\t<\/label>\n\t\t\t\t\t\t\t\t<div class=\"elementor-field elementor-select-wrapper remove-before\">\n\t\t\t<div class=\"select-caret-down-wrapper\">\n\t\t\t\t<svg aria-hidden=\"true\" class=\"e-font-icon-svg e-eicon-caret-down\" viewbox=\"0 0 571.4 571.4\" xmlns=\"http:\/\/www.w3.org\/2000\/svg\"><path d=\"M571 393Q571 407 561 418L311 668Q300 679 286 679T261 668L11 418Q0 407 0 393T11 368 36 357H536Q550 357 561 368T571 393Z\"><\/path><\/svg>\t\t\t<\/div>\n\t\t\t<select name=\"form_fields[field_fea12fb]\" id=\"form-field-field_fea12fb\" class=\"elementor-field-textual elementor-size-sm\">\n\t\t\t\t\t\t\t\t\t<option value=\"Seleccione una opci\u00f3n...\">Select an option...<\/option>\n\t\t\t\t\t\t\t\t\t<option value=\"Tengo una pregunta \">I have a question <\/option>\n\t\t\t\t\t\t\t\t\t<option value=\"Sugerencia para el blog \">Suggestion for the blog <\/option>\n\t\t\t\t\t\t\t\t\t<option value=\"Solo quiero dar las gracias \">I just want to say thank you <\/option>\n\t\t\t\t\t\t\t\t\t<option value=\"Reportar un error\">Report an error<\/option>\n\t\t\t\t\t\t\t<\/select>\n\t\t<\/div>\n\t\t\t\t\t\t<\/div>\n\t\t\t\t\t\t\t\t<div class=\"elementor-field-type-textarea elementor-field-group elementor-column elementor-field-group-message elementor-col-100\">\n\t\t\t\t\t\t\t\t\t\t\t\t<label for=\"form-field-message\" class=\"elementor-field-label\">\n\t\t\t\t\t\t\t\tYour message\t\t\t\t\t\t\t<\/label>\n\t\t\t\t\t\t<textarea class=\"elementor-field-textual elementor-field  elementor-size-sm\" name=\"form_fields[message]\" id=\"form-field-message\" rows=\"7\" placeholder=\"Share what&#039;s on your mind...\"><\/textarea>\t\t\t\t<\/div>\n\t\t\t\t\t\t\t\t<div class=\"elementor-field-type-acceptance elementor-field-group elementor-column elementor-field-group-field_610da3e elementor-col-100\">\n\t\t\t\t\t\t\t<div class=\"elementor-field-subgroup\">\n\t\t\t<span class=\"elementor-field-option\">\n\t\t\t\t<input type=\"checkbox\" name=\"form_fields[field_610da3e]\" id=\"form-field-field_610da3e\" class=\"elementor-field elementor-size-sm  elementor-acceptance-field\">\n\t\t\t\t<label for=\"form-field-field_610da3e\">For any inquiry, use this form - I guarantee confidential and secure answers.<\/label>\t\t\t<\/span>\n\t\t<\/div>\n\t\t\t\t\t\t<\/div>\n\t\t\t\t\t\t\t\t<div class=\"elementor-field-type-recaptcha elementor-field-group elementor-column elementor-field-group-field_10671dd elementor-col-100\">\n\t\t\t\t\t<div class=\"elementor-field\" id=\"form-field-field_10671dd\"><div class=\"elementor-g-recaptcha\" data-sitekey=\"6LempmUsAAAAAI8mWARgKYBBes5G-d-aDnIEYILc\" data-type=\"v2_checkbox\" data-theme=\"light\" data-size=\"normal\"><\/div><\/div>\t\t\t\t<\/div>\n\t\t\t\t\t\t\t\t<div class=\"elementor-field-group elementor-column elementor-field-type-submit elementor-col-100 e-form__buttons\">\n\t\t\t\t\t<button class=\"elementor-button elementor-size-sm\" type=\"submit\">\n\t\t\t\t\t\t<span class=\"elementor-button-content-wrapper\">\n\t\t\t\t\t\t\t\t\t\t\t\t\t\t\t<span class=\"elementor-button-icon\">\n\t\t\t\t\t\t\t\t\t<svg xmlns=\"http:\/\/www.w3.org\/2000\/svg\" width=\"16\" height=\"16\" viewbox=\"0 0 16 16\" fill=\"none\"><path d=\"M15.566 0.173472C15.8816 0.392222 16.0472 0.770346 15.9878 1.14847L13.9878 14.1485C13.941 14.4516 13.7566 14.7172 13.4878 14.8672C13.2191 15.0172 12.8972 15.036 12.6128 14.9172L8.87533 13.3641L6.7347 15.6797C6.45658 15.9828 6.01908 16.0828 5.6347 15.9328C5.25033 15.7828 5.00033 15.411 5.00033 14.9985V12.386C5.00033 12.261 5.0472 12.1422 5.13158 12.0516L10.3691 6.33597C10.5503 6.1391 10.5441 5.83597 10.3566 5.64847C10.1691 5.46097 9.86595 5.44847 9.66908 5.6266L3.31283 11.2735L0.553451 9.89222C0.222201 9.7266 0.00970049 9.39535 0.000325486 9.0266C-0.00904951 8.65785 0.184701 8.3141 0.503451 8.12972L14.5035 0.129722C14.8378 -0.0609035 15.2503 -0.0421535 15.566 0.173472Z\" fill=\"white\"><\/path><\/svg>\t\t\t\t\t\t\t\t\t\t\t\t\t\t\t\t\t<\/span>\n\t\t\t\t\t\t\t\t\t\t\t\t\t\t\t\t\t\t\t\t\t\t<span class=\"elementor-button-text\">Send message<\/span>\n\t\t\t\t\t\t\t\t\t\t\t\t\t<\/span>\n\t\t\t\t\t<\/button>\n\t\t\t\t<\/div>\n\t\t\t<\/div>\n\t\t<input type=\"hidden\" name=\"trp-form-language\" value=\"en\"\/><\/form>\n\t\t\t\t\t\t<\/div>\n\t\t\t\t<\/div>\n\t\t\t\t\t<\/div>\n\t\t\t\t<\/div>\n\t\t<div class=\"elementor-element elementor-element-a68cd51 e-flex e-con-boxed e-con e-parent\" data-id=\"a68cd51\" data-element_type=\"container\" data-e-type=\"container\">\n\t\t\t\t\t<div class=\"e-con-inner\">\n\t\t\t\t<div class=\"elementor-element elementor-element-54a09ca elementor-widget elementor-widget-template\" data-id=\"54a09ca\" data-element_type=\"widget\" data-e-type=\"widget\" data-widget_type=\"template.default\">\n\t\t\t\t<div class=\"elementor-widget-container\">\n\t\t\t\t\t\t\t<div class=\"elementor-template\">\n\t\t\t\t\t<div data-elementor-type=\"container\" data-elementor-id=\"3444\" class=\"elementor elementor-3444\" data-elementor-post-type=\"elementor_library\">\n\t\t\t\t<div class=\"elementor-element elementor-element-711e399a subscribe-section2 e-flex e-con-boxed e-con e-parent\" data-id=\"711e399a\" data-element_type=\"container\" data-e-type=\"container\">\n\t\t\t\t\t<div class=\"e-con-inner\">\n\t\t\t\t<div class=\"elementor-element elementor-element-5a743999 elementor-widget elementor-widget-heading\" data-id=\"5a743999\" data-element_type=\"widget\" data-e-type=\"widget\" data-widget_type=\"heading.default\">\n\t\t\t\t\t<h2 class=\"elementor-heading-title elementor-size-default\">Join and Grow with Me: Explore and Take Action<\/h2>\t\t\t\t<\/div>\n\t\t\t\t<div class=\"elementor-element elementor-element-1c78186f elementor-widget__width-initial elementor-widget elementor-widget-text-editor\" data-id=\"1c78186f\" data-element_type=\"widget\" data-e-type=\"widget\" data-widget_type=\"text-editor.default\">\n\t\t\t\t\t\t\t\t\t<p><span style=\"font-weight: 400;\">Honest talks on self-improvement and inner peace-look now and find practical inspiration. <\/span><\/p>\t\t\t\t\t\t\t\t<\/div>\n\t\t<div class=\"elementor-element elementor-element-6e20058a e-con-full e-flex e-con e-child\" data-id=\"6e20058a\" data-element_type=\"container\" data-e-type=\"container\">\n\t\t\t\t<div class=\"elementor-element elementor-element-6e4c7804 elementor-widget elementor-widget-button\" data-id=\"6e4c7804\" data-element_type=\"widget\" data-e-type=\"widget\" data-widget_type=\"button.default\">\n\t\t\t\t\t\t\t\t\t\t<a class=\"elementor-button elementor-button-link elementor-size-sm\" href=\"https:\/\/josemariacastillejo.com\/en\/canales\/\">\n\t\t\t\t\t\t<span class=\"elementor-button-content-wrapper\">\n\t\t\t\t\t\t\t\t\t<span class=\"elementor-button-text\">Channel<\/span>\n\t\t\t\t\t<\/span>\n\t\t\t\t\t<\/a>\n\t\t\t\t\t\t\t\t<\/div>\n\t\t\t\t<div class=\"elementor-element elementor-element-655075ee elementor-widget elementor-widget-button\" data-id=\"655075ee\" data-element_type=\"widget\" data-e-type=\"widget\" data-widget_type=\"button.default\">\n\t\t\t\t\t\t\t\t\t\t<a class=\"elementor-button elementor-button-link elementor-size-sm\" href=\"https:\/\/josemariacastillejo.com\/en\/blog\/\">\n\t\t\t\t\t\t<span class=\"elementor-button-content-wrapper\">\n\t\t\t\t\t\t\t\t\t<span class=\"elementor-button-text\">Blog<\/span>\n\t\t\t\t\t<\/span>\n\t\t\t\t\t<\/a>\n\t\t\t\t\t\t\t\t<\/div>\n\t\t\t\t<div class=\"elementor-element elementor-element-1defb00f elementor-widget elementor-widget-button\" data-id=\"1defb00f\" data-element_type=\"widget\" data-e-type=\"widget\" data-widget_type=\"button.default\">\n\t\t\t\t\t\t\t\t\t\t<a class=\"elementor-button elementor-button-link elementor-size-sm\" href=\"https:\/\/josemariacastillejo.com\/en\/conversaciones-11\/\">\n\t\t\t\t\t\t<span class=\"elementor-button-content-wrapper\">\n\t\t\t\t\t\t\t\t\t<span class=\"elementor-button-text\">1:1 Conversations<\/span>\n\t\t\t\t\t<\/span>\n\t\t\t\t\t<\/a>\n\t\t\t\t\t\t\t\t<\/div>\n\t\t\t\t<\/div>\n\t\t\t\t\t<\/div>\n\t\t\t\t<\/div>\n\t\t\t\t<\/div>\n\t\t\t\t<\/div>\n\t\t\t\t\t\t<\/div>\n\t\t\t\t<\/div>\n\t\t\t\t\t<\/div>\n\t\t\t\t<\/div>\n\t\t\t\t<\/div>","protected":false},"excerpt":{"rendered":"<p>Hablemos Cada mensaje me importa. Ya sea para colaborar, compartir comentarios o simplemente saludar, estoy aqu\u00ed para escuchar sobre tus experiencias en la vida, tus b\u00fasquedas de paz y crecimiento personal. Comparte tus desaf\u00edos en longevidad, resiliencia emocional o motivaci\u00f3n diaria: puedo ofrecerte las lecciones que he aprendido en mi camino, aplicadas con fe y [&hellip;]<\/p>","protected":false},"author":1,"featured_media":0,"parent":0,"menu_order":0,"comment_status":"closed","ping_status":"closed","template":"elementor_header_footer","meta":{"footnotes":""},"class_list":["post-2742","page","type-page","status-publish","hentry"],"_links":{"self":[{"href":"https:\/\/josemariacastillejo.com\/en\/wp-json\/wp\/v2\/pages\/2742","targetHints":{"allow":["GET"]}}],"collection":[{"href":"https:\/\/josemariacastillejo.com\/en\/wp-json\/wp\/v2\/pages"}],"about":[{"href":"https:\/\/josemariacastillejo.com\/en\/wp-json\/wp\/v2\/types\/page"}],"author":[{"embeddable":true,"href":"https:\/\/josemariacastillejo.com\/en\/wp-json\/wp\/v2\/users\/1"}],"replies":[{"embeddable":true,"href":"https:\/\/josemariacastillejo.com\/en\/wp-json\/wp\/v2\/comments?post=2742"}],"version-history":[{"count":89,"href":"https:\/\/josemariacastillejo.com\/en\/wp-json\/wp\/v2\/pages\/2742\/revisions"}],"predecessor-version":[{"id":6771,"href":"https:\/\/josemariacastillejo.com\/en\/wp-json\/wp\/v2\/pages\/2742\/revisions\/6771"}],"wp:attachment":[{"href":"https:\/\/josemariacastillejo.com\/en\/wp-json\/wp\/v2\/media?parent=2742"}],"curies":[{"name":"wp","href":"https:\/\/api.w.org\/{rel}","templated":true}]}}