{"id":6453,"date":"2025-11-10T12:23:51","date_gmt":"2025-11-10T10:23:51","guid":{"rendered":"https:\/\/josemariacastillejo.com\/?page_id=6453"},"modified":"2026-02-09T15:10:17","modified_gmt":"2026-02-09T13:10:17","slug":"conversaciones-11","status":"publish","type":"page","link":"https:\/\/josemariacastillejo.com\/es\/conversaciones-11\/","title":{"rendered":"Conversaciones 1:1"},"content":{"rendered":"\t\t<div data-elementor-type=\"wp-page\" data-elementor-id=\"6453\" class=\"elementor elementor-6453\" data-elementor-post-type=\"page\">\n\t\t\t\t<div class=\"elementor-element elementor-element-7d1ecda e-flex e-con-boxed e-con e-parent\" data-id=\"7d1ecda\" data-element_type=\"container\" data-e-type=\"container\" data-settings=\"{&quot;background_background&quot;:&quot;gradient&quot;}\">\n\t\t\t\t\t<div class=\"e-con-inner\">\n\t\t<div class=\"elementor-element elementor-element-ab4730a e-con-full e-flex e-con e-child\" data-id=\"ab4730a\" data-element_type=\"container\" data-e-type=\"container\">\n\t\t\t\t<div class=\"elementor-element elementor-element-96da931 elementor-widget elementor-widget-heading\" data-id=\"96da931\" data-element_type=\"widget\" data-e-type=\"widget\" data-widget_type=\"heading.default\">\n\t\t\t\t\t<span class=\"elementor-heading-title elementor-size-default\">Acceso Exclusivo<\/span>\t\t\t\t<\/div>\n\t\t\t\t<div class=\"elementor-element elementor-element-97db1b4 elementor-widget-mobile__width-initial elementor-widget elementor-widget-heading\" data-id=\"97db1b4\" data-element_type=\"widget\" data-e-type=\"widget\" data-widget_type=\"heading.default\">\n\t\t\t\t\t<h1 class=\"elementor-heading-title elementor-size-default\">Desbloquea tu <span class=\"text-green\">paz interior<\/span> a trav\u00e9s de conversaciones individuales<\/h1>\t\t\t\t<\/div>\n\t\t\t\t<div class=\"elementor-element elementor-element-7bc8418 elementor-widget__width-initial elementor-widget elementor-widget-text-editor\" data-id=\"7bc8418\" data-element_type=\"widget\" data-e-type=\"widget\" data-widget_type=\"text-editor.default\">\n\t\t\t\t\t\t\t\t\t<p>Dive deep into faith, forgiveness, and discipline. Jos\u00e9 Mar\u00eda Castillejo offers personalized guidance rooted in a life of global business triumph and profound resilience.<\/p>\t\t\t\t\t\t\t\t<\/div>\n\t\t\t\t<div class=\"elementor-element elementor-element-be8766c elementor-align-justify elementor-widget__width-initial elementor-mobile-align-left elementor-widget elementor-widget-button\" data-id=\"be8766c\" data-element_type=\"widget\" data-e-type=\"widget\" data-widget_type=\"button.default\">\n\t\t\t\t\t\t\t\t\t\t<a class=\"elementor-button elementor-button-link elementor-size-sm\" href=\"\/contact\/\">\n\t\t\t\t\t\t<span class=\"elementor-button-content-wrapper\">\n\t\t\t\t\t\t\t\t\t<span class=\"elementor-button-text\">Cont\u00e1ctame v\u00eda el formulario<\/span>\n\t\t\t\t\t<\/span>\n\t\t\t\t\t<\/a>\n\t\t\t\t\t\t\t\t<\/div>\n\t\t\t\t<\/div>\n\t\t<div class=\"elementor-element elementor-element-4d9709a e-con-full e-flex e-con e-child\" data-id=\"4d9709a\" data-element_type=\"container\" data-e-type=\"container\">\n\t\t\t\t<div class=\"elementor-element elementor-element-d7ebd61 elementor-widget elementor-widget-image\" data-id=\"d7ebd61\" data-element_type=\"widget\" data-e-type=\"widget\" data-widget_type=\"image.default\">\n\t\t\t\t\t\t\t\t\t\t\t\t\t\t\t<img fetchpriority=\"high\" decoding=\"async\" width=\"800\" height=\"563\" src=\"https:\/\/josemariacastillejo.com\/wp-content\/uploads\/2025\/12\/banner-step-1.2faf107a.png\" class=\"attachment-large size-large wp-image-6616\" alt=\"\" srcset=\"https:\/\/josemariacastillejo.com\/wp-content\/uploads\/2025\/12\/banner-step-1.2faf107a.png 1006w, https:\/\/josemariacastillejo.com\/wp-content\/uploads\/2025\/12\/banner-step-1.2faf107a-300x211.png 300w, https:\/\/josemariacastillejo.com\/wp-content\/uploads\/2025\/12\/banner-step-1.2faf107a-768x541.png 768w, https:\/\/josemariacastillejo.com\/wp-content\/uploads\/2025\/12\/banner-step-1.2faf107a-18x12.png 18w\" sizes=\"(max-width: 800px) 100vw, 800px\" \/>\t\t\t\t\t\t\t\t\t\t\t\t\t\t\t<\/div>\n\t\t\t\t<\/div>\n\t\t\t\t\t<\/div>\n\t\t\t\t<\/div>\n\t\t<div class=\"elementor-element elementor-element-72ccbb7 e-flex e-con-boxed e-con e-parent\" data-id=\"72ccbb7\" data-element_type=\"container\" data-e-type=\"container\">\n\t\t\t\t\t<div class=\"e-con-inner\">\n\t\t\t\t<div class=\"elementor-element elementor-element-67d0dba elementor-widget elementor-widget-heading\" data-id=\"67d0dba\" data-element_type=\"widget\" data-e-type=\"widget\" data-widget_type=\"heading.default\">\n\t\t\t\t\t<h2 class=\"elementor-heading-title elementor-size-default\"> Invitaci\u00f3n<\/h2>\t\t\t\t<\/div>\n\t\t\t\t<div class=\"elementor-element elementor-element-6537b0e elementor-widget elementor-widget-text-editor\" data-id=\"6537b0e\" data-element_type=\"widget\" data-e-type=\"widget\" data-widget_type=\"text-editor.default\">\n\t\t\t\t\t\t\t\t\t<h4 class=\"text-2xl font-medium text-gray-900\"><strong>\u00abCon una base acad\u00e9mica en Filosof\u00eda, Humanidades y un MBA que me prepar\u00f3 para el mundo empresarial, soy Jos\u00e9 Mar\u00eda Castillejo, un espa\u00f1ol con visi\u00f3n global que ha convertido ideas iniciales en \u00e9xitos internacionales, impactando audiencias en m\u00e1s de 100 pa\u00edses.\u00bb<\/strong><\/h4><p>Esa vida excitante como emprendedor, llena de triunfos y aventuras humanas, se complement\u00f3 con pruebas que me llevaron a descubrir la verdadera resiliencia.<\/p><p>Ahora, en mis \u00abConversaciones 1:1\u00bb, te acompa\u00f1o, sin juicios, para explorar fe, perd\u00f3n y disciplina, entendiendo tus desaf\u00edos \u00fanicos porque he navegado por cumbres y valles similares\u2014todo para ayudarte a encontrar esa paz interior que transforma.<\/p>\t\t\t\t\t\t\t\t<\/div>\n\t\t\t\t<div class=\"elementor-element elementor-element-7139160 elementor-widget-divider--view-line elementor-widget elementor-widget-divider\" data-id=\"7139160\" data-element_type=\"widget\" data-e-type=\"widget\" data-widget_type=\"divider.default\">\n\t\t\t\t\t\t\t<div class=\"elementor-divider\">\n\t\t\t<span class=\"elementor-divider-separator\">\n\t\t\t\t\t\t<\/span>\n\t\t<\/div>\n\t\t\t\t\t\t<\/div>\n\t\t\t\t\t<\/div>\n\t\t\t\t<\/div>\n\t\t<div class=\"elementor-element elementor-element-848c7ce e-flex e-con-boxed e-con e-parent\" data-id=\"848c7ce\" data-element_type=\"container\" data-e-type=\"container\" data-settings=\"{&quot;background_background&quot;:&quot;classic&quot;}\">\n\t\t\t\t\t<div class=\"e-con-inner\">\n\t\t\t\t<div class=\"elementor-element elementor-element-900119b elementor-widget elementor-widget-heading\" data-id=\"900119b\" data-element_type=\"widget\" data-e-type=\"widget\" data-widget_type=\"heading.default\">\n\t\t\t\t\t<h2 class=\"elementor-heading-title elementor-size-default\">La transformaci\u00f3n te espera<\/h2>\t\t\t\t<\/div>\n\t\t\t\t<div class=\"elementor-element elementor-element-4b66535 elementor-widget elementor-widget-text-editor\" data-id=\"4b66535\" data-element_type=\"widget\" data-e-type=\"widget\" data-widget_type=\"text-editor.default\">\n\t\t\t\t\t\t\t\t\t<p>Each conversation is designed to strengthen your mental health and unlock genuine personal empowerment.<\/p>\t\t\t\t\t\t\t\t<\/div>\n\t\t<div class=\"elementor-element elementor-element-9b13604 e-grid e-con-full e-con e-child\" data-id=\"9b13604\" data-element_type=\"container\" data-e-type=\"container\">\n\t\t<div class=\"elementor-element elementor-element-9c1e048 e-con-full e-flex e-con e-child\" data-id=\"9c1e048\" data-element_type=\"container\" data-e-type=\"container\" data-settings=\"{&quot;background_background&quot;:&quot;classic&quot;}\">\n\t\t\t\t<div class=\"elementor-element elementor-element-b82ab19 elementor-view-stacked elementor-shape-circle elementor-position-block-start elementor-mobile-position-block-start elementor-widget elementor-widget-icon-box\" data-id=\"b82ab19\" data-element_type=\"widget\" data-e-type=\"widget\" data-widget_type=\"icon-box.default\">\n\t\t\t\t\t\t\t<div class=\"elementor-icon-box-wrapper\">\n\n\t\t\t\t\t\t<div class=\"elementor-icon-box-icon\">\n\t\t\t\t<span  class=\"elementor-icon\">\n\t\t\t\t<svg aria-hidden=\"true\" class=\"e-font-icon-svg e-fas-check-circle\" viewBox=\"0 0 512 512\" xmlns=\"http:\/\/www.w3.org\/2000\/svg\"><path d=\"M504 256c0 136.967-111.033 248-248 248S8 392.967 8 256 119.033 8 256 8s248 111.033 248 248zM227.314 387.314l184-184c6.248-6.248 6.248-16.379 0-22.627l-22.627-22.627c-6.248-6.249-16.379-6.249-22.628 0L216 308.118l-70.059-70.059c-6.248-6.248-16.379-6.248-22.628 0l-22.627 22.627c-6.248 6.248-6.248 16.379 0 22.627l104 104c6.249 6.249 16.379 6.249 22.628.001z\"><\/path><\/svg>\t\t\t\t<\/span>\n\t\t\t<\/div>\n\t\t\t\n\t\t\t\t\t\t<div class=\"elementor-icon-box-content\">\n\n\t\t\t\t\t\t\t\t\t<h3 class=\"elementor-icon-box-title\">\n\t\t\t\t\t\t<span  >\n\t\t\t\t\t\t\tPrioritize Inner Peace\t\t\t\t\t\t<\/span>\n\t\t\t\t\t<\/h3>\n\t\t\t\t\n\t\t\t\t\t\t\t\t\t<p class=\"elementor-icon-box-description\">\n\t\t\t\t\t\tCada di\u00e1logo es una oportunidad para priorizar la paz interior como el n\u00facleo de tu bienestar, desatando alegr\u00eda, una motivaci\u00f3n profunda y un impulso natural por evolucionar.\t\t\t\t\t<\/p>\n\t\t\t\t\n\t\t\t<\/div>\n\t\t\t\n\t\t<\/div>\n\t\t\t\t\t\t<\/div>\n\t\t\t\t<\/div>\n\t\t<div class=\"elementor-element elementor-element-3510207 e-con-full e-flex e-con e-child\" data-id=\"3510207\" data-element_type=\"container\" data-e-type=\"container\" data-settings=\"{&quot;background_background&quot;:&quot;classic&quot;}\">\n\t\t\t\t<div class=\"elementor-element elementor-element-e4f2539 elementor-view-stacked elementor-shape-circle elementor-position-block-start elementor-mobile-position-block-start elementor-widget elementor-widget-icon-box\" data-id=\"e4f2539\" data-element_type=\"widget\" data-e-type=\"widget\" data-widget_type=\"icon-box.default\">\n\t\t\t\t\t\t\t<div class=\"elementor-icon-box-wrapper\">\n\n\t\t\t\t\t\t<div class=\"elementor-icon-box-icon\">\n\t\t\t\t<span  class=\"elementor-icon\">\n\t\t\t\t<svg aria-hidden=\"true\" class=\"e-font-icon-svg e-fas-signal\" viewBox=\"0 0 640 512\" xmlns=\"http:\/\/www.w3.org\/2000\/svg\"><path d=\"M216 288h-48c-8.84 0-16 7.16-16 16v192c0 8.84 7.16 16 16 16h48c8.84 0 16-7.16 16-16V304c0-8.84-7.16-16-16-16zM88 384H40c-8.84 0-16 7.16-16 16v96c0 8.84 7.16 16 16 16h48c8.84 0 16-7.16 16-16v-96c0-8.84-7.16-16-16-16zm256-192h-48c-8.84 0-16 7.16-16 16v288c0 8.84 7.16 16 16 16h48c8.84 0 16-7.16 16-16V208c0-8.84-7.16-16-16-16zm128-96h-48c-8.84 0-16 7.16-16 16v384c0 8.84 7.16 16 16 16h48c8.84 0 16-7.16 16-16V112c0-8.84-7.16-16-16-16zM600 0h-48c-8.84 0-16 7.16-16 16v480c0 8.84 7.16 16 16 16h48c8.84 0 16-7.16 16-16V16c0-8.84-7.16-16-16-16z\"><\/path><\/svg>\t\t\t\t<\/span>\n\t\t\t<\/div>\n\t\t\t\n\t\t\t\t\t\t<div class=\"elementor-icon-box-content\">\n\n\t\t\t\t\t\t\t\t\t<h3 class=\"elementor-icon-box-title\">\n\t\t\t\t\t\t<span  >\n\t\t\t\t\t\t\tEntrepreneurial Resilience\t\t\t\t\t\t<\/span>\n\t\t\t\t\t<\/h3>\n\t\t\t\t\n\t\t\t\t\t\t\t\t\t<p class=\"elementor-icon-box-description\">\n\t\t\t\t\t\tMi trayectoria emprendedora me permite conectar con tus realidades, ofreciendo herramientas adaptadas que robustecen tu salud mental y enfoque estrat\u00e9gico.\t\t\t\t\t<\/p>\n\t\t\t\t\n\t\t\t<\/div>\n\t\t\t\n\t\t<\/div>\n\t\t\t\t\t\t<\/div>\n\t\t\t\t<\/div>\n\t\t<div class=\"elementor-element elementor-element-78ec269 e-con-full e-flex e-con e-child\" data-id=\"78ec269\" data-element_type=\"container\" data-e-type=\"container\" data-settings=\"{&quot;background_background&quot;:&quot;classic&quot;}\">\n\t\t\t\t<div class=\"elementor-element elementor-element-ec423de elementor-view-stacked elementor-shape-circle elementor-position-block-start elementor-mobile-position-block-start elementor-widget elementor-widget-icon-box\" data-id=\"ec423de\" data-element_type=\"widget\" data-e-type=\"widget\" data-widget_type=\"icon-box.default\">\n\t\t\t\t\t\t\t<div class=\"elementor-icon-box-wrapper\">\n\n\t\t\t\t\t\t<div class=\"elementor-icon-box-icon\">\n\t\t\t\t<span  class=\"elementor-icon\">\n\t\t\t\t<svg aria-hidden=\"true\" class=\"e-font-icon-svg e-far-heart\" viewBox=\"0 0 512 512\" xmlns=\"http:\/\/www.w3.org\/2000\/svg\"><path d=\"M458.4 64.3C400.6 15.7 311.3 23 256 79.3 200.7 23 111.4 15.6 53.6 64.3-21.6 127.6-10.6 230.8 43 285.5l175.4 178.7c10 10.2 23.4 15.9 37.6 15.9 14.3 0 27.6-5.6 37.6-15.8L469 285.6c53.5-54.7 64.7-157.9-10.6-221.3zm-23.6 187.5L259.4 430.5c-2.4 2.4-4.4 2.4-6.8 0L77.2 251.8c-36.5-37.2-43.9-107.6 7.3-150.7 38.9-32.7 98.9-27.8 136.5 10.5l35 35.7 35-35.7c37.8-38.5 97.8-43.2 136.5-10.6 51.1 43.1 43.5 113.9 7.3 150.8z\"><\/path><\/svg>\t\t\t\t<\/span>\n\t\t\t<\/div>\n\t\t\t\n\t\t\t\t\t\t<div class=\"elementor-icon-box-content\">\n\n\t\t\t\t\t\t\t\t\t<h3 class=\"elementor-icon-box-title\">\n\t\t\t\t\t\t<span  >\n\t\t\t\t\t\t\tForgiveness and Renewal\t\t\t\t\t\t<\/span>\n\t\t\t\t\t<\/h3>\n\t\t\t\t\n\t\t\t\t\t\t\t\t\t<p class=\"elementor-icon-box-description\">\n\t\t\t\t\t\tVisualiza c\u00f3mo esa paz te libera de resentimientos, permitiendo que el perd\u00f3n sane heridas pasadas y que la fe con disciplina conviertan tus adversidades en fuentes de empoderamiento.\t\t\t\t\t<\/p>\n\t\t\t\t\n\t\t\t<\/div>\n\t\t\t\n\t\t<\/div>\n\t\t\t\t\t\t<\/div>\n\t\t\t\t<\/div>\n\t\t\t\t<\/div>\n\t\t\t\t<div class=\"elementor-element elementor-element-505585e elementor-widget__width-initial elementor-widget elementor-widget-text-editor\" data-id=\"505585e\" data-element_type=\"widget\" data-e-type=\"widget\" data-widget_type=\"text-editor.default\">\n\t\t\t\t\t\t\t\t\t<p>Las sesiones est\u00e1n disponibles en espa\u00f1ol, ingl\u00e9s u otros idiomas utilizando herramientas de traducci\u00f3n simult\u00e1nea para una accesibilidad global perfecta.<\/p>\t\t\t\t\t\t\t\t<\/div>\n\t\t\t\t\t<\/div>\n\t\t\t\t<\/div>\n\t\t<div class=\"elementor-element elementor-element-4d817b7 e-flex e-con-boxed e-con e-parent\" data-id=\"4d817b7\" data-element_type=\"container\" data-e-type=\"container\">\n\t\t\t\t\t<div class=\"e-con-inner\">\n\t\t\t\t<div class=\"elementor-element elementor-element-6d421d1 elementor-widget elementor-widget-heading\" data-id=\"6d421d1\" data-element_type=\"widget\" data-e-type=\"widget\" data-widget_type=\"heading.default\">\n\t\t\t\t\t<h2 class=\"elementor-heading-title elementor-size-default\">Reserva tu conversaci\u00f3n individual<\/h2>\t\t\t\t<\/div>\n\t\t\t\t<div class=\"elementor-element elementor-element-8b4da8c elementor-widget elementor-widget-text-editor\" data-id=\"8b4da8c\" data-element_type=\"widget\" data-e-type=\"widget\" data-widget_type=\"text-editor.default\">\n\t\t\t\t\t\t\t\t\t<p>Programemos un tiempo dedicado a su viaje. Complete el formulario de consulta profesional a continuaci\u00f3n.<\/p>\t\t\t\t\t\t\t\t<\/div>\n\t\t<div class=\"elementor-element elementor-element-c89f112 e-con-full e-flex e-con e-child\" data-id=\"c89f112\" data-element_type=\"container\" data-e-type=\"container\">\n\t\t\t\t<div class=\"elementor-element elementor-element-8fea750 elementor-button-align-stretch elementor-widget elementor-widget-form\" data-id=\"8fea750\" data-element_type=\"widget\" data-e-type=\"widget\" data-settings=\"{&quot;step_next_label&quot;:&quot;Next&quot;,&quot;step_previous_label&quot;:&quot;Previous&quot;,&quot;button_width&quot;:&quot;100&quot;,&quot;step_type&quot;:&quot;number_text&quot;,&quot;step_icon_shape&quot;:&quot;circle&quot;}\" data-widget_type=\"form.default\">\n\t\t\t\t\t\t\t<form class=\"elementor-form\" method=\"post\" name=\"New Form\" aria-label=\"New Form\">\n\t\t\t<input type=\"hidden\" name=\"post_id\" value=\"6453\"\/>\n\t\t\t<input type=\"hidden\" name=\"form_id\" value=\"8fea750\"\/>\n\t\t\t<input type=\"hidden\" name=\"referer_title\" value=\"Conversaciones 1:1\" \/>\n\n\t\t\t\t\t\t\t<input type=\"hidden\" name=\"queried_id\" value=\"6453\"\/>\n\t\t\t\n\t\t\t<div class=\"elementor-form-fields-wrapper elementor-labels-above\">\n\t\t\t\t\t\t\t\t<div class=\"elementor-field-type-text elementor-field-group elementor-column elementor-field-group-name elementor-col-50 elementor-field-required\">\n\t\t\t\t\t\t\t\t\t\t\t\t<label for=\"form-field-name\" class=\"elementor-field-label\">\n\t\t\t\t\t\t\t\tNombre completo\t\t\t\t\t\t\t<\/label>\n\t\t\t\t\t\t\t\t\t\t\t\t\t\t<input size=\"1\" type=\"text\" name=\"form_fields[name]\" id=\"form-field-name\" class=\"elementor-field elementor-size-sm  elementor-field-textual\" placeholder=\"Tu nombre completo\" required=\"required\">\n\t\t\t\t\t\t\t\t\t\t\t<\/div>\n\t\t\t\t\t\t\t\t<div class=\"elementor-field-type-email elementor-field-group elementor-column elementor-field-group-email elementor-col-50 elementor-field-required\">\n\t\t\t\t\t\t\t\t\t\t\t\t<label for=\"form-field-email\" class=\"elementor-field-label\">\n\t\t\t\t\t\t\t\tDirecci\u00f3n de correo electr\u00f3nico\t\t\t\t\t\t\t<\/label>\n\t\t\t\t\t\t\t\t\t\t\t\t\t\t<input size=\"1\" type=\"email\" name=\"form_fields[email]\" id=\"form-field-email\" class=\"elementor-field elementor-size-sm  elementor-field-textual\" placeholder=\"you@example.com\" required=\"required\">\n\t\t\t\t\t\t\t\t\t\t\t<\/div>\n\t\t\t\t\t\t\t\t<div class=\"elementor-field-type-tel elementor-field-group elementor-column elementor-field-group-field_b6fcf06 elementor-col-50\">\n\t\t\t\t\t\t\t\t\t\t\t\t<label for=\"form-field-field_b6fcf06\" class=\"elementor-field-label\">\n\t\t\t\t\t\t\t\tN\u00famero de tel\u00e9fono (opcional)\t\t\t\t\t\t\t<\/label>\n\t\t\t\t\t\t\t\t<input size=\"1\" type=\"tel\" name=\"form_fields[field_b6fcf06]\" id=\"form-field-field_b6fcf06\" class=\"elementor-field elementor-size-sm  elementor-field-textual\" placeholder=\"(+XX) XXX-XXX-XXXX\" pattern=\"[0-9()#&amp;+*-=.]+\" title=\"Only numbers and phone characters (#, -, *, etc) are accepted.\">\n\n\t\t\t\t\t\t<\/div>\n\t\t\t\t\t\t\t\t<div class=\"elementor-field-type-select elementor-field-group elementor-column elementor-field-group-field_cfd6ed2 elementor-col-50 elementor-field-required\">\n\t\t\t\t\t\t\t\t\t\t\t\t<label for=\"form-field-field_cfd6ed2\" class=\"elementor-field-label\">\n\t\t\t\t\t\t\t\tIdioma preferido para la sesi\u00f3n\t\t\t\t\t\t\t<\/label>\n\t\t\t\t\t\t\t\t<div class=\"elementor-field elementor-select-wrapper remove-before \">\n\t\t\t<div class=\"select-caret-down-wrapper\">\n\t\t\t\t<svg aria-hidden=\"true\" class=\"e-font-icon-svg e-eicon-caret-down\" viewBox=\"0 0 571.4 571.4\" xmlns=\"http:\/\/www.w3.org\/2000\/svg\"><path d=\"M571 393Q571 407 561 418L311 668Q300 679 286 679T261 668L11 418Q0 407 0 393T11 368 36 357H536Q550 357 561 368T571 393Z\"><\/path><\/svg>\t\t\t<\/div>\n\t\t\t<select name=\"form_fields[field_cfd6ed2]\" id=\"form-field-field_cfd6ed2\" class=\"elementor-field-textual elementor-size-sm\" required=\"required\">\n\t\t\t\t\t\t\t\t\t<option value=\"Espa\u00f1ol (Spanish)\">Espa\u00f1ol (Spanish)<\/option>\n\t\t\t\t\t\t\t\t\t<option value=\"English (English)\">English (English)<\/option>\n\t\t\t\t\t\t\t\t\t<option value=\"Other (Simultaneous Translation)\">Other (Simultaneous Translation)<\/option>\n\t\t\t\t\t\t\t<\/select>\n\t\t<\/div>\n\t\t\t\t\t\t<\/div>\n\t\t\t\t\t\t\t\t<div class=\"elementor-field-type-textarea elementor-field-group elementor-column elementor-field-group-message elementor-col-100\">\n\t\t\t\t\t\t\t\t\t\t\t\t<label for=\"form-field-message\" class=\"elementor-field-label\">\n\t\t\t\t\t\t\t\tCu\u00e9ntame brevemente sobre tu desaf\u00edo actual.\t\t\t\t\t\t\t<\/label>\n\t\t\t\t\t\t<textarea class=\"elementor-field-textual elementor-field  elementor-size-sm\" name=\"form_fields[message]\" id=\"form-field-message\" rows=\"4\" placeholder=\"Por ejemplo, estoy luchando con mucho estr\u00e9s y necesito estrategias de resiliencia...\"><\/textarea>\t\t\t\t<\/div>\n\t\t\t\t\t\t\t\t<div class=\"elementor-field-type-html elementor-field-group elementor-column elementor-field-group-field_2e6106c elementor-col-100\">\n\t\t\t\t\tEsta es una solicitud de reserva. En breve recibir\u00e1s un correo electr\u00f3nico con los detalles de la programaci\u00f3n, las opciones de pago (procesadas de forma segura a trav\u00e9s de Stripe) y la confirmaci\u00f3n de la hora de la reuni\u00f3n virtual en Google Meet.\t\t\t\t<\/div>\n\t\t\t\t\t\t\t\t<div class=\"elementor-field-type-recaptcha elementor-field-group elementor-column elementor-field-group-field_b1ee6f8 elementor-col-100\">\n\t\t\t\t\t<div class=\"elementor-field\" id=\"form-field-field_b1ee6f8\"><div class=\"elementor-g-recaptcha\" data-sitekey=\"6LempmUsAAAAAI8mWARgKYBBes5G-d-aDnIEYILc\" data-type=\"v2_checkbox\" data-theme=\"light\" data-size=\"normal\"><\/div><\/div>\t\t\t\t<\/div>\n\t\t\t\t\t\t\t\t<div class=\"elementor-field-group elementor-column elementor-field-type-submit elementor-col-100 e-form__buttons\">\n\t\t\t\t\t<button class=\"elementor-button elementor-size-sm\" type=\"submit\">\n\t\t\t\t\t\t<span class=\"elementor-button-content-wrapper\">\n\t\t\t\t\t\t\t\t\t\t\t\t\t\t\t<span class=\"elementor-button-icon\">\n\t\t\t\t\t\t\t\t\t<svg aria-hidden=\"true\" class=\"e-font-icon-svg e-fas-location-arrow\" viewBox=\"0 0 512 512\" xmlns=\"http:\/\/www.w3.org\/2000\/svg\"><path d=\"M444.52 3.52L28.74 195.42c-47.97 22.39-31.98 92.75 19.19 92.75h175.91v175.91c0 51.17 70.36 67.17 92.75 19.19l191.9-415.78c15.99-38.39-25.59-79.97-63.97-63.97z\"><\/path><\/svg>\t\t\t\t\t\t\t\t\t\t\t\t\t\t\t\t\t<\/span>\n\t\t\t\t\t\t\t\t\t\t\t\t\t\t\t\t\t\t\t\t\t\t<span class=\"elementor-button-text\">Enviar solicitud de reserva<\/span>\n\t\t\t\t\t\t\t\t\t\t\t\t\t<\/span>\n\t\t\t\t\t<\/button>\n\t\t\t\t<\/div>\n\t\t\t<\/div>\n\t\t<\/form>\n\t\t\t\t\t\t<\/div>\n\t\t\t\t<\/div>\n\t\t\t\t\t<\/div>\n\t\t\t\t<\/div>\n\t\t<div class=\"elementor-element elementor-element-a36056e elementor-hidden-widescreen elementor-hidden-desktop elementor-hidden-laptop elementor-hidden-tablet_extra elementor-hidden-tablet elementor-hidden-mobile_extra elementor-hidden-mobile e-flex e-con-boxed e-con e-parent\" data-id=\"a36056e\" data-element_type=\"container\" data-e-type=\"container\">\n\t\t\t\t\t<div class=\"e-con-inner\">\n\t\t\t\t<div class=\"elementor-element elementor-element-8ee58e8 elementor-widget elementor-widget-heading\" data-id=\"8ee58e8\" data-element_type=\"widget\" data-e-type=\"widget\" data-widget_type=\"heading.default\">\n\t\t\t\t\t<h2 class=\"elementor-heading-title elementor-size-default\"> Invitaci\u00f3n<\/h2>\t\t\t\t<\/div>\n\t\t\t\t<div class=\"elementor-element elementor-element-30807a3 elementor-widget elementor-widget-text-editor\" data-id=\"30807a3\" data-element_type=\"widget\" data-e-type=\"widget\" data-widget_type=\"text-editor.default\">\n\t\t\t\t\t\t\t\t\t<p>Con una base acad\u00e9mica en Filosof\u00eda, Humanidades y un MBA que me prepar\u00f3 para el mundo empresarial, soy Jos\u00e9 Mar\u00eda Castillejo, un espa\u00f1ol con visi\u00f3n global que ha convertido ideas iniciales en \u00e9xitos internacionales, impactando audiencias en m\u00e1s de 100 pa\u00edses.<\/p><p>Esa vida excitante como emprendedor, llena de triunfos y aventuras humanas, se complement\u00f3 con pruebas que me llevaron a descubrir la verdadera resiliencia.<\/p><p>Ahora, en mis \u00abConversaciones 1:1\u00bb, te acompa\u00f1o, sin juicios, para explorar fe, perd\u00f3n y disciplina, entendiendo tus desaf\u00edos \u00fanicos porque he navegado por cumbres y valles similares\u2014todo para ayudarte a encontrar esa paz interior que transforma.<\/p>\t\t\t\t\t\t\t\t<\/div>\n\t\t\t\t<div class=\"elementor-element elementor-element-91aec25 elementor-widget elementor-widget-heading\" data-id=\"91aec25\" data-element_type=\"widget\" data-e-type=\"widget\" data-widget_type=\"heading.default\">\n\t\t\t\t\t<h2 class=\"elementor-heading-title elementor-size-default\">Beneficios Detallados<\/h2>\t\t\t\t<\/div>\n\t\t\t\t<div class=\"elementor-element elementor-element-8a7c585 elementor-widget elementor-widget-text-editor\" data-id=\"8a7c585\" data-element_type=\"widget\" data-e-type=\"widget\" data-widget_type=\"text-editor.default\">\n\t\t\t\t\t\t\t\t\t<p>Cada di\u00e1logo es una oportunidad para priorizar la paz interior como el n\u00facleo de tu bienestar, desatando alegr\u00eda, una motivaci\u00f3n profunda y un impulso natural por evolucionar.<\/p><p>Mi trayectoria emprendedora me permite conectar con tus realidades, ofreciendo herramientas adaptadas que robustecen tu salud mental.<\/p><p>Visualiza c\u00f3mo esa paz te libera de resentimientos, permitiendo que el perd\u00f3n sane heridas pasadas y que la fe con disciplina conviertan tus adversidades en fuentes de empoderamiento y renovaci\u00f3n.<\/p><p>Las sesiones est\u00e1n disponibles en espa\u00f1ol, ingl\u00e9s u otros idiomas seg\u00fan tu preferencia, utilizando en algunos casos una herramienta de traducci\u00f3n simult\u00e1nea para asegurar una comunicaci\u00f3n fluida y accesible.<\/p>\t\t\t\t\t\t\t\t<\/div>\n\t\t\t\t<div class=\"elementor-element elementor-element-8ddbf52 elementor-widget elementor-widget-heading\" data-id=\"8ddbf52\" data-element_type=\"widget\" data-e-type=\"widget\" data-widget_type=\"heading.default\">\n\t\t\t\t\t<h2 class=\"elementor-heading-title elementor-size-default\"> Llamada a la Acci\u00f3n<\/h2>\t\t\t\t<\/div>\n\t\t\t\t<div class=\"elementor-element elementor-element-65c760c elementor-widget elementor-widget-text-editor\" data-id=\"65c760c\" data-element_type=\"widget\" data-e-type=\"widget\" data-widget_type=\"text-editor.default\">\n\t\t\t\t\t\t\t\t\t<p><span style=\"font-weight: 400;\">Emprende el viaje hacia una paz interior que revitaliza todo aspecto de tu vida. Reserva tu \u00abConversaci\u00f3n 1:1\u00bb hoy, v\u00eda el formulario. Elige el momento que te convenga y prep\u00e1rate para una experiencia enriquecedora. Con transacciones seguras mediante Stripe y sesiones virtuales en Google Meet, es pr\u00e1ctico y disponible globalmente. Cont\u00e1ctame y d\u00e9jame guiarte con mi experiencia\u2014juntos, desbloquearemos tu potencial.<\/span><span style=\"font-weight: 400;\"><br \/><\/span><\/p>\t\t\t\t\t\t\t\t<\/div>\n\t\t\t\t\t<\/div>\n\t\t\t\t<\/div>\n\t\t\t\t<\/div>\n\t\t","protected":false},"excerpt":{"rendered":"<p>Acceso Exclusivo Desbloquea tu paz interior a trav\u00e9s de conversaciones individuales Dive deep into faith, forgiveness, and discipline. Jos\u00e9 Mar\u00eda Castillejo offers personalized guidance rooted in a life of global business triumph and profound resilience. Cont\u00e1ctame v\u00eda el formulario Invitaci\u00f3n \u00abCon una base acad\u00e9mica en Filosof\u00eda, Humanidades y un MBA que me prepar\u00f3 para el [&hellip;]<\/p>\n","protected":false},"author":17,"featured_media":0,"parent":0,"menu_order":0,"comment_status":"closed","ping_status":"closed","template":"","meta":{"footnotes":""},"class_list":["post-6453","page","type-page","status-publish","hentry"],"_links":{"self":[{"href":"https:\/\/josemariacastillejo.com\/es\/wp-json\/wp\/v2\/pages\/6453","targetHints":{"allow":["GET"]}}],"collection":[{"href":"https:\/\/josemariacastillejo.com\/es\/wp-json\/wp\/v2\/pages"}],"about":[{"href":"https:\/\/josemariacastillejo.com\/es\/wp-json\/wp\/v2\/types\/page"}],"author":[{"embeddable":true,"href":"https:\/\/josemariacastillejo.com\/es\/wp-json\/wp\/v2\/users\/17"}],"replies":[{"embeddable":true,"href":"https:\/\/josemariacastillejo.com\/es\/wp-json\/wp\/v2\/comments?post=6453"}],"version-history":[{"count":52,"href":"https:\/\/josemariacastillejo.com\/es\/wp-json\/wp\/v2\/pages\/6453\/revisions"}],"predecessor-version":[{"id":6774,"href":"https:\/\/josemariacastillejo.com\/es\/wp-json\/wp\/v2\/pages\/6453\/revisions\/6774"}],"wp:attachment":[{"href":"https:\/\/josemariacastillejo.com\/es\/wp-json\/wp\/v2\/media?parent=6453"}],"curies":[{"name":"wp","href":"https:\/\/api.w.org\/{rel}","templated":true}]}}