{"id":6511,"date":"2025-11-18T06:39:02","date_gmt":"2025-11-18T04:39:02","guid":{"rendered":"https:\/\/josemariacastillejo.com\/?page_id=6511"},"modified":"2025-11-18T07:00:54","modified_gmt":"2025-11-18T05:00:54","slug":"condiciones-de-uso","status":"publish","type":"page","link":"https:\/\/josemariacastillejo.com\/es\/condiciones-de-uso\/","title":{"rendered":"Condiciones de uso"},"content":{"rendered":"\t\t<div data-elementor-type=\"wp-page\" data-elementor-id=\"6511\" class=\"elementor elementor-6511\" data-elementor-post-type=\"page\">\n\t\t\t\t<div class=\"elementor-element elementor-element-bd7bf88 e-flex e-con-boxed e-con e-parent\" data-id=\"bd7bf88\" data-element_type=\"container\" data-e-type=\"container\" data-settings=\"{&quot;background_background&quot;:&quot;gradient&quot;}\">\n\t\t\t\t\t<div class=\"e-con-inner\">\n\t\t\t\t<div class=\"elementor-element elementor-element-ede2671 elementor-widget elementor-widget-heading\" data-id=\"ede2671\" data-element_type=\"widget\" data-e-type=\"widget\" data-widget_type=\"heading.default\">\n\t\t\t\t\t<h2 class=\"elementor-heading-title elementor-size-default\">Condiciones de uso<\/h2>\t\t\t\t<\/div>\n\t\t\t\t\t<\/div>\n\t\t\t\t<\/div>\n\t\t<div class=\"elementor-element elementor-element-cab2bd4 e-flex e-con-boxed e-con e-parent\" data-id=\"cab2bd4\" data-element_type=\"container\" data-e-type=\"container\">\n\t\t\t\t\t<div class=\"e-con-inner\">\n\t\t\t\t<div class=\"elementor-element elementor-element-b7bf3d4 elementor-widget elementor-widget-heading\" data-id=\"b7bf3d4\" data-element_type=\"widget\" data-e-type=\"widget\" data-widget_type=\"heading.default\">\n\t\t\t\t\t<h2 class=\"elementor-heading-title elementor-size-default\">Aviso Legal y Condiciones Generales de Uso<\/h2>\t\t\t\t<\/div>\n\t\t\t\t<div class=\"elementor-element elementor-element-c05acd7 elementor-widget elementor-widget-text-editor\" data-id=\"c05acd7\" data-element_type=\"widget\" data-e-type=\"widget\" data-widget_type=\"text-editor.default\">\n\t\t\t\t\t\t\t\t\t<p><span style=\"color: #000000;\"><b>I. Informaci\u00f3n General<\/b><\/span><\/p><p><span style=\"font-weight: 400;\">En cumplimiento con el deber de informaci\u00f3n dispuesto en el Reglamento (UE) 2016\/679 (RGPD), se facilitan a continuaci\u00f3n los siguientes datos de informaci\u00f3n general de este sitio web josemariacastillejo.com (en adelante, Sitio Web).<\/span><\/p><p><span style=\"font-weight: 400;\">El uso del Sitio Web implica la aceptaci\u00f3n de este Aviso Legal y Condiciones Generales de Uso, as\u00ed como de la Pol\u00edtica de Privacidad.<\/span><\/p><p><span style=\"color: #000000;\"><b>II. T\u00e9rminos y Condiciones Generales de Uso<\/b><\/span><\/p><p><span style=\"color: #000000;\"><b>El objeto de las condiciones: El Sitio Web<\/b><\/span><\/p><p><span style=\"font-weight: 400;\">El objeto de las presentes Condiciones Generales de Uso (en adelante, Condiciones) es regular el acceso y la utilizaci\u00f3n del Sitio Web. El Titular se reserva la facultad de modificar, en cualquier momento y sin aviso previo, la presentaci\u00f3n y configuraci\u00f3n del Sitio Web y de los Contenidos y Servicios que en \u00e9l pudieran estar incorporados. El Usuario reconoce y acepta que en cualquier momento el Titular pueda interrumpir, desactivar y\/o cancelar cualquiera de estos elementos o el acceso a los mismos.<\/span><\/p><p><span style=\"font-weight: 400;\">El acceso al Sitio Web por el Usuario tiene car\u00e1cter libre y gratuito, salvo en lo relativo al coste de conexi\u00f3n a trav\u00e9s de la red de telecomunicaciones suministrada por el proveedor de acceso que hubiere contratado el Usuario.<\/span><\/p><p><span style=\"font-weight: 400;\">La utilizaci\u00f3n de algunos Contenidos o Servicios del Sitio Web podr\u00e1 hacerse mediante la suscripci\u00f3n o registro previo del Usuario.<\/span><\/p><p><span style=\"color: #000000;\"><b>El Usuario<\/b><\/span><\/p><p><span style=\"font-weight: 400;\">El acceso, la navegaci\u00f3n y uso del Sitio Web, confiere la condici\u00f3n de Usuario, por lo que se aceptan, desde que se inicia la navegaci\u00f3n por el Sitio Web, todas las Condiciones aqu\u00ed establecidas, as\u00ed como sus ulteriores modificaciones, sin perjuicio de la aplicaci\u00f3n de la correspondiente normativa legal de obligado cumplimiento seg\u00fan el caso. El Usuario asume su responsabilidad para realizar un uso correcto del Sitio Web. Esta responsabilidad se extender\u00e1 a:<\/span><\/p><ul><li style=\"font-weight: 400;\" aria-level=\"1\"><span style=\"font-weight: 400;\">Un uso de la informaci\u00f3n, Contenidos y\/o Servicios del Sitio Web sin que sea contrario a lo dispuesto por las presentes Condiciones, la ley, la moral o el orden p\u00fablico, o que de cualquier otro modo puedan suponer lesi\u00f3n de los derechos de terceros o del mismo funcionamiento del Sitio Web.<\/span><\/li><li style=\"font-weight: 400;\" aria-level=\"1\"><span style=\"font-weight: 400;\">La veracidad y licitud de las informaciones aportadas por el Usuario en los formularios extendidos por el Titular para el acceso a ciertos Contenidos o Servicios ofrecidos por el Sitio Web.<\/span><\/li><\/ul><p><span style=\"font-weight: 400;\">El Titular se reserva el derecho de retirar todos aquellos comentarios y aportaciones que vulneren la ley, el respeto a la dignidad de la persona, que sean discriminatorios, xen\u00f3fobos, racistas, pornogr\u00e1ficos, spamming, que atenten contra la juventud o la infancia, el orden o la seguridad p\u00fablica o que, a su juicio, no resultaran adecuados para su publicaci\u00f3n.<\/span><\/p><p><span style=\"font-weight: 400;\">En cualquier caso, el Titular no ser\u00e1 responsable de las opiniones vertidas por los Usuarios a trav\u00e9s de comentarios u otras herramientas de participaci\u00f3n que pueda haber.<\/span><\/p><p><span style=\"color: #000000;\"><b>III. Acceso y Navegaci\u00f3n en el Sitio Web: Exclusi\u00f3n de Garant\u00edas y Responsabilidad<\/b><\/span><\/p><p><span style=\"font-weight: 400;\">El Titular no garantiza la continuidad, disponibilidad y utilidad del Sitio Web, ni de los Contenidos o Servicios. El Titular har\u00e1 todo lo posible por el buen funcionamiento del Sitio Web, sin embargo, no se responsabiliza ni garantiza que el acceso a este Sitio Web no vaya a ser ininterrumpido o que est\u00e9 libre de error.<\/span><\/p><p><span style=\"font-weight: 400;\">Tampoco se responsabiliza o garantiza que el contenido o software al que pueda accederse a trav\u00e9s de este Sitio Web, est\u00e9 libre de error o cause un da\u00f1o al sistema inform\u00e1tico (software y hardware) del Usuario. En ning\u00fan caso el Titular ser\u00e1 responsable por las p\u00e9rdidas, da\u00f1os o perjuicios de cualquier tipo que surjan por el acceso, navegaci\u00f3n y el uso del Sitio Web, incluy\u00e9ndose, pero no limit\u00e1ndose, a los ocasionados a los sistemas inform\u00e1ticos o los provocados por la introducci\u00f3n de virus.<\/span><\/p><p><span style=\"font-weight: 400;\">El Titular tampoco se hace responsable de los da\u00f1os que pudiesen ocasionarse a los usuarios por un uso inadecuado de este Sitio Web. En particular, no se hace responsable en modo alguno de las ca\u00eddas, interrupciones, falta o defecto de las telecomunicaciones que pudieran ocurrir.<\/span><\/p><p><span style=\"color: #000000;\"><b>IV. Pol\u00edtica de Enlaces<\/b><\/span><\/p><p><span style=\"font-weight: 400;\">El Sitio Web puede poner a disposici\u00f3n de los Usuarios medios de enlace (como links, banners, botones), directorios y motores de b\u00fasqueda que permiten a los Usuarios acceder a sitios web pertenecientes y\/o gestionados por terceros.<\/span><\/p><p><span style=\"font-weight: 400;\">La instalaci\u00f3n de estos enlaces tiene por objeto facilitar a los Usuarios la b\u00fasqueda de y acceso a la informaci\u00f3n disponible en Internet, sin que pueda considerarse una sugerencia, recomendaci\u00f3n o invitaci\u00f3n para la visita de los mismos.<\/span><\/p><p><span style=\"font-weight: 400;\">El Titular no ofrece ni comercializa por s\u00ed ni por medio de terceros los productos y\/o servicios disponibles en dichos sitios enlazados.<\/span><\/p><p><span style=\"font-weight: 400;\">Asimismo, tampoco garantizar\u00e1 la disponibilidad t\u00e9cnica, exactitud, veracidad, validez o legalidad de sitios ajenos a su propiedad a los que se pueda acceder por medio de los enlaces.<\/span><\/p><p><span style=\"font-weight: 400;\">El Titular en ning\u00fan caso revisar\u00e1 o controlar\u00e1 el contenido de otros sitios web, as\u00ed como tampoco aprueba, examina ni hace propios los productos y servicios, contenidos, archivos y cualquier otro material existente en los referidos sitios enlazados.<\/span><\/p><p><span style=\"font-weight: 400;\">El Titular no asume ninguna responsabilidad por los da\u00f1os y perjuicios que pudieran producirse por el acceso, uso, calidad o licitud de los contenidos, comunicaciones, opiniones, productos y servicios de los sitios web no gestionados por el Titular y que sean enlazados en este Sitio Web.<\/span><\/p><p><span style=\"font-weight: 400;\">El Usuario o tercero que realice un hiperv\u00ednculo desde una p\u00e1gina web de otro sitio web al Sitio Web del Titular deber\u00e1 saber que:<\/span><\/p><p><span style=\"font-weight: 400;\">No se permite la reproducci\u00f3n \u2014total o parcialmente\u2014 de ninguno de los Contenidos y\/o Servicios del Sitio Web sin autorizaci\u00f3n expresa del Titular.<\/span><\/p><p><span style=\"font-weight: 400;\">No se permite tampoco ninguna manifestaci\u00f3n falsa, inexacta o incorrecta sobre el Sitio Web del Titular, ni sobre los Contenidos y\/o Servicios del mismo.<\/span><\/p><p><span style=\"font-weight: 400;\">El establecimiento del hiperv\u00ednculo no implicar\u00e1 la existencia de relaciones entre el Titular y el titular del sitio web desde el cual se realice, ni el conocimiento y aceptaci\u00f3n del Titular de los contenidos, servicios y\/o actividades ofrecidas en dicho sitio web.<\/span><\/p><p><span style=\"color: #000000;\"><b>V. Propiedad Intelectual e Industrial<\/b><\/span><\/p><p><span style=\"font-weight: 400;\">El Titular por s\u00ed o como parte cesionaria, es titular de todos los derechos de propiedad intelectual e industrial del Sitio Web, as\u00ed como de los elementos contenidos en el mismo (im\u00e1genes, sonido, audio, v\u00eddeo, software o textos, marcas o logotipos, combinaciones de colores, estructura y dise\u00f1o, selecci\u00f3n de materiales usados, programas de ordenador necesarios para su funcionamiento, acceso y uso, etc.).<\/span><\/p><p><span style=\"font-weight: 400;\">Todos los derechos reservados. En virtud de lo dispuesto en la normativa europea de propiedad intelectual, quedan expresamente prohibidas la reproducci\u00f3n, la distribuci\u00f3n y la comunicaci\u00f3n p\u00fablica, incluida su modalidad de puesta a disposici\u00f3n, de la totalidad o parte de los contenidos de esta p\u00e1gina web, con fines comerciales, en cualquier soporte y por cualquier medio t\u00e9cnico, sin la autorizaci\u00f3n del Titular.<\/span><\/p><p><span style=\"font-weight: 400;\">El Usuario se compromete a respetar los derechos de propiedad intelectual e industrial del Titular. Podr\u00e1 visualizar los elementos del Sitio Web o incluso imprimirlos, copiarlos y almacenarlos en el disco duro de su ordenador o en cualquier otro soporte f\u00edsico siempre y cuando sea, exclusivamente, para su uso personal. El Usuario, sin embargo, no podr\u00e1 suprimir, alterar, o manipular cualquier dispositivo de protecci\u00f3n o sistema de seguridad que estuviera instalado en el Sitio Web.<\/span><\/p><p><span style=\"font-weight: 400;\">En caso de que el Usuario o tercero considere que cualquiera de los Contenidos del Sitio Web suponga una violaci\u00f3n de los derechos de protecci\u00f3n de la propiedad intelectual, deber\u00e1 comunicarlo inmediatamente a trav\u00e9s del formulario de contacto en el Sitio Web.<\/span><\/p><p><span style=\"color: #000000;\"><b>VI. Acciones Legales, Legislaci\u00f3n Aplicable y Jurisdicci\u00f3n<\/b><\/span><\/p><p><span style=\"font-weight: 400;\">El Titular se reserva la facultad de presentar las acciones civiles o penales que considere necesarias por la utilizaci\u00f3n indebida del Sitio Web y Contenidos, o por el incumplimiento de las presentes Condiciones.<\/span><\/p><p><span style=\"font-weight: 400;\">La relaci\u00f3n entre el Usuario y el Titular se regir\u00e1 por el RGPD y la normativa europea aplicable. De surgir cualquier controversia en relaci\u00f3n con la interpretaci\u00f3n y\/o a la aplicaci\u00f3n de estas Condiciones, las partes someter\u00e1n sus conflictos a la jurisdicci\u00f3n ordinaria someti\u00e9ndose a los jueces y tribunales que correspondan conforme a derecho. Para cualquier consulta, utiliza el formulario de contacto en el Sitio Web.<\/span><\/p><p><span style=\"font-weight: 400;\">Este documento de Aviso Legal y Condiciones Generales de uso del sitio web estar\u00e1 vigente hasta que sea modificado por otro debidamente publicado.<\/span><\/p>\t\t\t\t\t\t\t\t<\/div>\n\t\t\t\t\t<\/div>\n\t\t\t\t<\/div>\n\t\t\t\t<\/div>\n\t\t","protected":false},"excerpt":{"rendered":"<p>Condiciones de uso Aviso Legal y Condiciones Generales de Uso I. Informaci\u00f3n General En cumplimiento con el deber de informaci\u00f3n dispuesto en el Reglamento (UE) 2016\/679 (RGPD), se facilitan a continuaci\u00f3n los siguientes datos de informaci\u00f3n general de este sitio web josemariacastillejo.com (en adelante, Sitio Web). El uso del Sitio Web implica la aceptaci\u00f3n de [&hellip;]<\/p>\n","protected":false},"author":17,"featured_media":0,"parent":0,"menu_order":0,"comment_status":"closed","ping_status":"closed","template":"","meta":{"footnotes":""},"class_list":["post-6511","page","type-page","status-publish","hentry"],"_links":{"self":[{"href":"https:\/\/josemariacastillejo.com\/es\/wp-json\/wp\/v2\/pages\/6511","targetHints":{"allow":["GET"]}}],"collection":[{"href":"https:\/\/josemariacastillejo.com\/es\/wp-json\/wp\/v2\/pages"}],"about":[{"href":"https:\/\/josemariacastillejo.com\/es\/wp-json\/wp\/v2\/types\/page"}],"author":[{"embeddable":true,"href":"https:\/\/josemariacastillejo.com\/es\/wp-json\/wp\/v2\/users\/17"}],"replies":[{"embeddable":true,"href":"https:\/\/josemariacastillejo.com\/es\/wp-json\/wp\/v2\/comments?post=6511"}],"version-history":[{"count":8,"href":"https:\/\/josemariacastillejo.com\/es\/wp-json\/wp\/v2\/pages\/6511\/revisions"}],"predecessor-version":[{"id":6543,"href":"https:\/\/josemariacastillejo.com\/es\/wp-json\/wp\/v2\/pages\/6511\/revisions\/6543"}],"wp:attachment":[{"href":"https:\/\/josemariacastillejo.com\/es\/wp-json\/wp\/v2\/media?parent=6511"}],"curies":[{"name":"wp","href":"https:\/\/api.w.org\/{rel}","templated":true}]}}