{"id":1787,"date":"2013-06-21T07:54:38","date_gmt":"2013-06-21T07:54:38","guid":{"rendered":"http:\/\/josemariacastillejo.com\/?page_id=1787"},"modified":"2025-11-18T06:59:54","modified_gmt":"2025-11-18T04:59:54","slug":"politica-de-privacidad","status":"publish","type":"page","link":"https:\/\/josemariacastillejo.com\/fr\/politica-de-privacidad\/","title":{"rendered":"Politique de confidentialit\u00e9"},"content":{"rendered":"<div data-elementor-type=\"wp-page\" data-elementor-id=\"1787\" class=\"elementor elementor-1787\" data-elementor-post-type=\"page\">\n\t\t\t\t<div class=\"elementor-element elementor-element-0dbf18d e-flex e-con-boxed e-con e-parent\" data-id=\"0dbf18d\" data-element_type=\"container\" data-e-type=\"container\" data-settings=\"{&quot;background_background&quot;:&quot;gradient&quot;}\">\n\t\t\t\t\t<div class=\"e-con-inner\">\n\t\t\t\t<div class=\"elementor-element elementor-element-8e8f9cd elementor-widget elementor-widget-heading\" data-id=\"8e8f9cd\" data-element_type=\"widget\" data-e-type=\"widget\" data-widget_type=\"heading.default\">\n\t\t\t\t\t<h2 class=\"elementor-heading-title elementor-size-default\">Politique de confidentialit\u00e9\n<\/h2>\t\t\t\t<\/div>\n\t\t\t\t\t<\/div>\n\t\t\t\t<\/div>\n\t\t<div class=\"elementor-element elementor-element-6244751 e-flex e-con-boxed e-con e-parent\" data-id=\"6244751\" data-element_type=\"container\" data-e-type=\"container\">\n\t\t\t\t\t<div class=\"e-con-inner\">\n\t\t\t\t<div class=\"elementor-element elementor-element-9aafbe4 elementor-widget elementor-widget-heading\" data-id=\"9aafbe4\" data-element_type=\"widget\" data-e-type=\"widget\" data-widget_type=\"heading.default\">\n\t\t\t\t\t<h2 class=\"elementor-heading-title elementor-size-default\">Politique de confidentialit\u00e9\n<\/h2>\t\t\t\t<\/div>\n\t\t\t\t<div class=\"elementor-element elementor-element-87566ef elementor-widget elementor-widget-text-editor\" data-id=\"87566ef\" data-element_type=\"widget\" data-e-type=\"widget\" data-widget_type=\"text-editor.default\">\n\t\t\t\t\t\t\t\t\t<p>Le propri\u00e9taire du site web (ci-apr\u00e8s, le propri\u00e9taire) informe de sa politique de confidentialit\u00e9 concernant le traitement et la protection des donn\u00e9es personnelles des utilisateurs et des clients qui peuvent \u00eatre collect\u00e9es en naviguant ou en contractant des services \u00e0 travers le site web josemariacastillejo.com.<\/p><p>\u00c0 cet \u00e9gard, le Titulaire garantit le respect de la r\u00e9glementation en vigueur en mati\u00e8re de protection des donn\u00e9es personnelles, refl\u00e9t\u00e9e dans le r\u00e8glement (UE) 2016\/679 du Parlement europ\u00e9en et du Conseil du 27 avril 2016 relatif \u00e0 la protection des personnes physiques \u00e0 l'\u00e9gard du traitement des donn\u00e9es \u00e0 caract\u00e8re personnel et \u00e0 la libre circulation de ces donn\u00e9es (GDPR).<\/p><p>L'utilisation du site web implique l'acceptation de la pr\u00e9sente politique de confidentialit\u00e9, ainsi que des conditions incluses dans l'avis juridique.<\/p><p><span style=\"color: #000000;\"><strong>Principes appliqu\u00e9s au traitement des donn\u00e9es<\/strong><\/span><\/p><p>Lors du traitement de vos donn\u00e9es \u00e0 caract\u00e8re personnel, le contr\u00f4leur des donn\u00e9es appliquera les principes suivants, qui sont conformes aux exigences du GDPR :<\/p><ul><li style=\"font-weight: 400;\" aria-level=\"1\"><span style=\"font-weight: 400;\">Principe de l\u00e9galit\u00e9, d'\u00e9quit\u00e9 et de transparence : le responsable du traitement des donn\u00e9es demandera toujours le consentement pour le traitement de vos donn\u00e9es \u00e0 caract\u00e8re personnel, qui peut \u00eatre effectu\u00e9 pour une ou plusieurs finalit\u00e9s sp\u00e9cifiques dont vous serez inform\u00e9 \u00e0 l'avance en toute transparence.<\/span><\/li><li style=\"font-weight: 400;\" aria-level=\"1\"><span style=\"font-weight: 400;\">Principe de minimisation des donn\u00e9es : Le responsable du traitement ne vous demandera que les donn\u00e9es strictement n\u00e9cessaires \u00e0 la ou aux fins pour lesquelles elles sont demand\u00e9es.<\/span><\/li><li style=\"font-weight: 400;\" aria-level=\"1\"><span style=\"font-weight: 400;\">Principe de limitation de la dur\u00e9e de conservation : Les donn\u00e9es sont conserv\u00e9es pendant la dur\u00e9e strictement n\u00e9cessaire \u00e0 la r\u00e9alisation de la ou des finalit\u00e9s du traitement. Le responsable du traitement vous informera de la p\u00e9riode de conservation pertinente en fonction de la finalit\u00e9. Dans le cas des abonnements, le responsable du traitement r\u00e9visera p\u00e9riodiquement les listes et supprimera les enregistrements qui sont inactifs depuis une longue p\u00e9riode.<\/span><\/li><li style=\"font-weight: 400;\" aria-level=\"1\"><span style=\"font-weight: 400;\">Principe d'int\u00e9grit\u00e9 et de confidentialit\u00e9 : vos donn\u00e9es seront trait\u00e9es de mani\u00e8re \u00e0 garantir leur s\u00e9curit\u00e9, leur confidentialit\u00e9 et leur int\u00e9grit\u00e9. Sachez que le responsable du traitement prend les pr\u00e9cautions n\u00e9cessaires pour emp\u00eacher l'acc\u00e8s non autoris\u00e9 ou l'utilisation abusive des donn\u00e9es de ses utilisateurs par des tiers.<\/span><\/li><\/ul><p><span style=\"color: #000000;\"><b>Collecte de donn\u00e9es \u00e0 caract\u00e8re personnel<\/b><\/span><\/p><p><span style=\"font-weight: 400;\">Il n'est pas n\u00e9cessaire de fournir des donn\u00e9es personnelles pour naviguer sur le site web. Les cas dans lesquels vous devez fournir vos donn\u00e9es personnelles sont les suivants :<\/span><\/p><ul><li style=\"font-weight: 400;\" aria-level=\"1\"><span style=\"font-weight: 400;\">En nous contactant par le biais des formulaires de contact sur le site web.<\/span><\/li><li style=\"font-weight: 400;\" aria-level=\"1\"><span style=\"font-weight: 400;\">Lorsque vous commentez un article ou une page.<\/span><\/li><li style=\"font-weight: 400;\" aria-level=\"1\"><span style=\"font-weight: 400;\">Lorsque vous vous inscrivez \u00e0 un formulaire d'abonnement ou \u00e0 une lettre d'information.<\/span><\/li><\/ul><p><span style=\"color: #000000;\"><b>Vos droits<\/b><\/span><\/p><p><span style=\"font-weight: 400;\">En ce qui concerne vos donn\u00e9es personnelles, vous avez le droit de.. :<\/span><\/p><ul><li style=\"font-weight: 400;\" aria-level=\"1\"><span style=\"font-weight: 400;\">Demander l'acc\u00e8s aux donn\u00e9es stock\u00e9es.<\/span><\/li><li style=\"font-weight: 400;\" aria-level=\"1\"><span style=\"font-weight: 400;\">Demander la rectification ou l'effacement.<\/span><\/li><li style=\"font-weight: 400;\" aria-level=\"1\"><span style=\"font-weight: 400;\">demander la limitation de leur traitement.<\/span><\/li><li style=\"font-weight: 400;\" aria-level=\"1\"><span style=\"font-weight: 400;\">S'opposer au traitement.<\/span><\/li><li style=\"font-weight: 400;\" aria-level=\"1\"><span style=\"font-weight: 400;\">Demander la portabilit\u00e9 de vos donn\u00e9es.<\/span><\/li><\/ul><p><span style=\"font-weight: 400;\">L'exercice de ces droits est personnel et doit \u00eatre exerc\u00e9 directement par l'int\u00e9ress\u00e9, en le demandant par le biais du formulaire de contact du site web. Pour toute question ou exercice des droits, veuillez utiliser le formulaire de contact disponible sur le site web.<\/span><\/p><p><span style=\"font-weight: 400;\">Vous avez le droit \u00e0 une protection juridictionnelle effective et le droit de d\u00e9poser une plainte aupr\u00e8s de l'autorit\u00e9 de contr\u00f4le de la protection des donn\u00e9es comp\u00e9tente dans l'Union europ\u00e9enne si vous estimez que le traitement des donn\u00e9es \u00e0 caract\u00e8re personnel vous concernant est contraire au GDPR.<\/span><\/p><p><span style=\"color: #000000;\"><b>Finalit\u00e9 du traitement des donn\u00e9es \u00e0 caract\u00e8re personnel<\/b><\/span><\/p><p><span style=\"font-weight: 400;\">Lorsque vous vous connectez au site web pour envoyer un message via le formulaire de contact, vous abonner \u00e0 une lettre d'information ou faire un commentaire, vous fournissez des informations personnelles dont le propri\u00e9taire est responsable. Ces informations peuvent inclure des informations telles que votre adresse IP, votre nom, votre adresse \u00e9lectronique et d'autres informations. En fournissant ces informations, vous consentez \u00e0 ce qu'elles soient collect\u00e9es, utilis\u00e9es, g\u00e9r\u00e9es et stock\u00e9es uniquement de la mani\u00e8re d\u00e9crite dans les mentions l\u00e9gales et la pr\u00e9sente politique de confidentialit\u00e9.<\/span><\/p><p><span style=\"font-weight: 400;\">Les donn\u00e9es personnelles et la finalit\u00e9 du traitement par la personne concern\u00e9e diff\u00e8rent selon le syst\u00e8me de saisie de l'information :<\/span><\/p><ul><li style=\"font-weight: 400;\" aria-level=\"1\"><span style=\"font-weight: 400;\">Formulaires de contact : le propri\u00e9taire demande des donn\u00e9es telles que le nom et l'adresse \u00e9lectronique afin de r\u00e9pondre \u00e0 vos questions.<\/span><\/li><li style=\"font-weight: 400;\" aria-level=\"1\"><span style=\"font-weight: 400;\">Formulaires d'abonnement au contenu : le propri\u00e9taire demande le nom et l'adresse \u00e9lectronique pour g\u00e9rer la liste d'abonnement et envoyer des bulletins d'information.<\/span><\/li><\/ul><p><span style=\"font-weight: 400;\">Il existe d'autres raisons pour lesquelles le responsable du traitement traite vos donn\u00e9es \u00e0 caract\u00e8re personnel :<\/span><\/p><ul><li style=\"font-weight: 400;\" aria-level=\"1\"><span style=\"font-weight: 400;\">Assurer le respect des conditions \u00e9nonc\u00e9es dans l'avis juridique et de la l\u00e9gislation applicable.<\/span><\/li><li style=\"font-weight: 400;\" aria-level=\"1\"><span style=\"font-weight: 400;\">Soutenir et am\u00e9liorer les services offerts par ce site web.<\/span><\/li><li style=\"font-weight: 400;\" aria-level=\"1\"><span style=\"font-weight: 400;\">Analyser la navigation \u00e0 l'aide de donn\u00e9es non identifiantes obtenues par le biais de cookies (voir la politique en mati\u00e8re de cookies).<\/span><\/li><\/ul><p><span style=\"color: #000000;\"><b>S\u00e9curit\u00e9 des donn\u00e9es personnelles<\/b><\/span><\/p><p><span style=\"font-weight: 400;\">Pour prot\u00e9ger vos donn\u00e9es \u00e0 caract\u00e8re personnel, le contr\u00f4leur des donn\u00e9es prend toutes les pr\u00e9cautions raisonnables et suit les meilleures pratiques du secteur pour \u00e9viter la perte, l'utilisation abusive, l'acc\u00e8s inappropri\u00e9, la divulgation, l'alt\u00e9ration ou la destruction de vos donn\u00e9es \u00e0 caract\u00e8re personnel.<\/span><\/p><p><span style=\"color: #000000;\"><b>Contenu d'autres sites web<\/b><\/span><\/p><p><span style=\"font-weight: 400;\">Les pages de ce site web peuvent contenir du contenu int\u00e9gr\u00e9 (par exemple des vid\u00e9os, des images, des articles, etc.). Le contenu int\u00e9gr\u00e9 provenant d'autres sites web se comporte exactement de la m\u00eame mani\u00e8re que si vous aviez visit\u00e9 l'autre site web.<\/span><\/p><p><span style=\"font-weight: 400;\">Ces sites web peuvent collecter des donn\u00e9es vous concernant, utiliser des cookies, int\u00e9grer des codes de suivi suppl\u00e9mentaires provenant de tiers et contr\u00f4ler votre interaction avec ces codes.<\/span><\/p><p><span style=\"color: #000000;\"><b>Politique en mati\u00e8re de cookies<\/b><\/span><\/p><p><span style=\"font-weight: 400;\">Pour fonctionner correctement, ce site web a besoin d'utiliser des cookies, qui sont des informations stock\u00e9es dans votre navigateur web.<\/span><\/p><p><span style=\"font-weight: 400;\">Sur la page Politique en mati\u00e8re de cookies, vous pouvez consulter toutes les informations relatives \u00e0 la politique de collecte, \u00e0 la finalit\u00e9 et au traitement des cookies.<\/span><\/p><p><span style=\"color: #000000;\"><b>L\u00e9gitimation du traitement des donn\u00e9es<\/b><\/span><\/p><p><span style=\"font-weight: 400;\">La base juridique du traitement de vos donn\u00e9es est le consentement.<\/span><\/p><p><span style=\"font-weight: 400;\">Pour contacter le propri\u00e9taire, s'abonner \u00e0 un bulletin d'information ou faire des commentaires sur ce site web, vous devez accepter la pr\u00e9sente politique de confidentialit\u00e9.<\/span><\/p><p><span style=\"color: #000000;\"><b>Cat\u00e9gories de donn\u00e9es \u00e0 caract\u00e8re personnel<\/b><\/span><\/p><p><span style=\"font-weight: 400;\">Les cat\u00e9gories de donn\u00e9es \u00e0 caract\u00e8re personnel trait\u00e9es par le contr\u00f4leur des donn\u00e9es sont les suivantes :<\/span><\/p><ul><li style=\"font-weight: 400;\" aria-level=\"1\"><span style=\"font-weight: 400;\">Donn\u00e9es d'identification (nom, e-mail).<\/span><\/li><\/ul><p><span style=\"color: #000000;\"><b>Conservation des donn\u00e9es \u00e0 caract\u00e8re personnel<\/b><\/span><\/p><p><span style=\"font-weight: 400;\">Les donn\u00e9es personnelles que vous fournissez au contr\u00f4leur des donn\u00e9es seront conserv\u00e9es jusqu'\u00e0 ce que vous demandiez leur suppression par le biais du formulaire de contact.<\/span><\/p><p><span style=\"color: #000000;\"><b>Destinataires des donn\u00e9es \u00e0 caract\u00e8re personnel<\/b><\/span><\/p><p><span style=\"font-weight: 400;\">Le contr\u00f4leur des donn\u00e9es ne partage pas les donn\u00e9es personnelles avec des tiers, \u00e0 moins d'y \u00eatre l\u00e9galement oblig\u00e9.<\/span><\/p><p><span style=\"font-weight: 400;\">Lorsque vous naviguez sur le site web, des donn\u00e9es non identifiantes peuvent \u00eatre collect\u00e9es, notamment l'adresse IP, la g\u00e9olocalisation, un enregistrement de la mani\u00e8re dont les services et les sites sont utilis\u00e9s, les habitudes de navigation et d'autres donn\u00e9es qui ne peuvent \u00eatre utilis\u00e9es pour vous identifier.<\/span><\/p><p><span style=\"color: #000000;\"><b>Exactitude et v\u00e9racit\u00e9 des donn\u00e9es personnelles<\/b><\/span><\/p><p><span style=\"font-weight: 400;\">Vous vous engagez \u00e0 ce que les donn\u00e9es fournies au contr\u00f4leur des donn\u00e9es soient correctes, compl\u00e8tes, pr\u00e9cises et \u00e0 jour, ainsi qu'\u00e0 les maintenir d\u00fbment mises \u00e0 jour.<\/span><\/p><p><span style=\"font-weight: 400;\">En tant qu'utilisateur du site web, vous \u00eates seul responsable de la v\u00e9racit\u00e9 et de l'exactitude des donn\u00e9es que vous soumettez au site, ce qui exon\u00e8re le titulaire de toute responsabilit\u00e9 \u00e0 cet \u00e9gard.<\/span><\/p><p><span style=\"color: #000000;\"><b>Acceptation et consentement<\/b><\/span><\/p><p><span style=\"font-weight: 400;\">En tant qu'utilisateur du site web, vous d\u00e9clarez avoir \u00e9t\u00e9 inform\u00e9 des conditions relatives \u00e0 la protection des donn\u00e9es personnelles, vous acceptez et consentez au traitement de ces donn\u00e9es par le propri\u00e9taire de la mani\u00e8re et aux fins indiqu\u00e9es dans la pr\u00e9sente politique de confidentialit\u00e9.<\/span><\/p><p><span style=\"color: #000000;\"><b>R\u00e9vocabilit\u00e9<\/b><\/span><\/p><p><span style=\"font-weight: 400;\">Pour exercer vos droits d'acc\u00e8s, de rectification, d'effacement, de limitation, d'opposition et de portabilit\u00e9, veuillez envoyer votre demande via le formulaire de contact du site web.<\/span><\/p><p><span style=\"font-weight: 400;\">L'exercice de vos droits n'inclut pas les donn\u00e9es que le responsable du traitement est tenu de conserver \u00e0 des fins administratives, juridiques ou de s\u00e9curit\u00e9.<\/span><\/p><p><span style=\"color: #000000;\"><b>Modifications de la politique de confidentialit\u00e9<\/b><\/span><\/p><p><span style=\"font-weight: 400;\">Le propri\u00e9taire se r\u00e9serve le droit de modifier cette politique de confidentialit\u00e9 afin de l'adapter aux nouvelles l\u00e9gislations ou jurisprudences, ainsi qu'aux pratiques de l'industrie.<\/span><\/p><p><span style=\"font-weight: 400;\">Ces politiques restent en vigueur jusqu'\u00e0 ce qu'elles soient modifi\u00e9es par d'autres politiques d\u00fbment publi\u00e9es.<\/span><span style=\"font-weight: 400;\"><br \/><\/span><\/p>\t\t\t\t\t\t\t\t<\/div>\n\t\t\t\t\t<\/div>\n\t\t\t\t<\/div>\n\t\t\t\t<\/div>","protected":false},"excerpt":{"rendered":"<p>Pol\u00edtica de Privacidad Pol\u00edtica de Privacidad El titular del sitio web (en adelante, el Titular) informa sobre su Pol\u00edtica de Privacidad respecto del tratamiento y protecci\u00f3n de los datos de car\u00e1cter personal de los usuarios y clientes que puedan ser recabados por la navegaci\u00f3n o contrataci\u00f3n de servicios a trav\u00e9s del sitio web josemariacastillejo.com. En [&hellip;]<\/p>","protected":false},"author":1,"featured_media":0,"parent":0,"menu_order":0,"comment_status":"closed","ping_status":"closed","template":"","meta":{"footnotes":""},"class_list":["post-1787","page","type-page","status-publish","hentry"],"_links":{"self":[{"href":"https:\/\/josemariacastillejo.com\/fr\/wp-json\/wp\/v2\/pages\/1787","targetHints":{"allow":["GET"]}}],"collection":[{"href":"https:\/\/josemariacastillejo.com\/fr\/wp-json\/wp\/v2\/pages"}],"about":[{"href":"https:\/\/josemariacastillejo.com\/fr\/wp-json\/wp\/v2\/types\/page"}],"author":[{"embeddable":true,"href":"https:\/\/josemariacastillejo.com\/fr\/wp-json\/wp\/v2\/users\/1"}],"replies":[{"embeddable":true,"href":"https:\/\/josemariacastillejo.com\/fr\/wp-json\/wp\/v2\/comments?post=1787"}],"version-history":[{"count":33,"href":"https:\/\/josemariacastillejo.com\/fr\/wp-json\/wp\/v2\/pages\/1787\/revisions"}],"predecessor-version":[{"id":6542,"href":"https:\/\/josemariacastillejo.com\/fr\/wp-json\/wp\/v2\/pages\/1787\/revisions\/6542"}],"wp:attachment":[{"href":"https:\/\/josemariacastillejo.com\/fr\/wp-json\/wp\/v2\/media?parent=1787"}],"curies":[{"name":"wp","href":"https:\/\/api.w.org\/{rel}","templated":true}]}}