{"id":1787,"date":"2013-06-21T07:54:38","date_gmt":"2013-06-21T07:54:38","guid":{"rendered":"http:\/\/josemariacastillejo.com\/?page_id=1787"},"modified":"2025-11-18T06:59:54","modified_gmt":"2025-11-18T04:59:54","slug":"politica-de-privacidad","status":"publish","type":"page","link":"https:\/\/josemariacastillejo.com\/pt\/politica-de-privacidad\/","title":{"rendered":"Pol\u00edtica de privacidade"},"content":{"rendered":"<div data-elementor-type=\"wp-page\" data-elementor-id=\"1787\" class=\"elementor elementor-1787\" data-elementor-post-type=\"page\">\n\t\t\t\t<div class=\"elementor-element elementor-element-0dbf18d e-flex e-con-boxed e-con e-parent\" data-id=\"0dbf18d\" data-element_type=\"container\" data-e-type=\"container\" data-settings=\"{&quot;background_background&quot;:&quot;gradient&quot;}\">\n\t\t\t\t\t<div class=\"e-con-inner\">\n\t\t\t\t<div class=\"elementor-element elementor-element-8e8f9cd elementor-widget elementor-widget-heading\" data-id=\"8e8f9cd\" data-element_type=\"widget\" data-e-type=\"widget\" data-widget_type=\"heading.default\">\n\t\t\t\t\t<h2 class=\"elementor-heading-title elementor-size-default\">Pol\u00edtica de privacidade\n<\/h2>\t\t\t\t<\/div>\n\t\t\t\t\t<\/div>\n\t\t\t\t<\/div>\n\t\t<div class=\"elementor-element elementor-element-6244751 e-flex e-con-boxed e-con e-parent\" data-id=\"6244751\" data-element_type=\"container\" data-e-type=\"container\">\n\t\t\t\t\t<div class=\"e-con-inner\">\n\t\t\t\t<div class=\"elementor-element elementor-element-9aafbe4 elementor-widget elementor-widget-heading\" data-id=\"9aafbe4\" data-element_type=\"widget\" data-e-type=\"widget\" data-widget_type=\"heading.default\">\n\t\t\t\t\t<h2 class=\"elementor-heading-title elementor-size-default\">Pol\u00edtica de privacidade\n<\/h2>\t\t\t\t<\/div>\n\t\t\t\t<div class=\"elementor-element elementor-element-87566ef elementor-widget elementor-widget-text-editor\" data-id=\"87566ef\" data-element_type=\"widget\" data-e-type=\"widget\" data-widget_type=\"text-editor.default\">\n\t\t\t\t\t\t\t\t\t<p>O propriet\u00e1rio do site (doravante, o Propriet\u00e1rio) informa sobre a sua Pol\u00edtica de Privacidade relativa ao tratamento e prote\u00e7\u00e3o dos dados pessoais dos utilizadores e clientes que possam ser recolhidos atrav\u00e9s da navega\u00e7\u00e3o ou contrata\u00e7\u00e3o de servi\u00e7os atrav\u00e9s do site josemariacastillejo.com.<\/p><p>A este respeito, o Titular garante o cumprimento da regulamenta\u00e7\u00e3o em vigor em mat\u00e9ria de prote\u00e7\u00e3o de dados pessoais, reflectida no Regulamento (UE) 2016\/679 do Parlamento Europeu e do Conselho, de 27 de abril de 2016, relativo \u00e0 prote\u00e7\u00e3o das pessoas singulares no que diz respeito ao tratamento de dados pessoais e \u00e0 livre circula\u00e7\u00e3o desses dados (RGPD).<\/p><p>A utiliza\u00e7\u00e3o do s\u00edtio Web implica a aceita\u00e7\u00e3o da presente Pol\u00edtica de Privacidade, bem como das condi\u00e7\u00f5es inclu\u00eddas no Aviso Legal.<\/p><p><span style=\"color: #000000;\"><strong>Princ\u00edpios aplicados no tratamento de dados<\/strong><\/span><\/p><p>Ao processar os seus dados pessoais, o Controlador de Dados aplicar\u00e1 os seguintes princ\u00edpios que cumprem os requisitos do RGPD:<\/p><ul><li style=\"font-weight: 400;\" aria-level=\"1\"><span style=\"font-weight: 400;\">Princ\u00edpio da licitude, da lealdade e da transpar\u00eancia: O respons\u00e1vel pelo tratamento exigir\u00e1 sempre o consentimento para o tratamento dos seus dados pessoais, que pode destinar-se a uma ou mais finalidades espec\u00edficas, sobre as quais ser\u00e1 previamente informado com absoluta transpar\u00eancia.<\/span><\/li><li style=\"font-weight: 400;\" aria-level=\"1\"><span style=\"font-weight: 400;\">Princ\u00edpio da minimiza\u00e7\u00e3o dos dados: O respons\u00e1vel pelo tratamento de dados solicitar\u00e1 ao utilizador apenas os dados estritamente necess\u00e1rios para a finalidade ou finalidades para as quais s\u00e3o solicitados.<\/span><\/li><li style=\"font-weight: 400;\" aria-level=\"1\"><span style=\"font-weight: 400;\">Princ\u00edpio da limita\u00e7\u00e3o do per\u00edodo de conserva\u00e7\u00e3o: Os dados ser\u00e3o conservados durante o tempo estritamente necess\u00e1rio para a(s) finalidade(s) do tratamento. O respons\u00e1vel pelo tratamento de dados inform\u00e1-lo-\u00e1 do per\u00edodo de conserva\u00e7\u00e3o relevante em fun\u00e7\u00e3o da finalidade. No caso das assinaturas, o respons\u00e1vel pelo tratamento de dados proceder\u00e1 a uma revis\u00e3o peri\u00f3dica das listas e eliminar\u00e1 os registos que tenham estado inactivos durante um per\u00edodo de tempo consider\u00e1vel.<\/span><\/li><li style=\"font-weight: 400;\" aria-level=\"1\"><span style=\"font-weight: 400;\">Princ\u00edpio da integridade e confidencialidade: Os seus dados ser\u00e3o tratados de forma a garantir a sua seguran\u00e7a, confidencialidade e integridade. Deve saber que o respons\u00e1vel pelo tratamento de dados toma as precau\u00e7\u00f5es necess\u00e1rias para impedir o acesso n\u00e3o autorizado ou a utiliza\u00e7\u00e3o indevida dos dados dos seus utilizadores por terceiros.<\/span><\/li><\/ul><p><span style=\"color: #000000;\"><b>Recolha de dados pessoais<\/b><\/span><\/p><p><span style=\"font-weight: 400;\">N\u00e3o \u00e9 necess\u00e1rio fornecer quaisquer dados pessoais para navegar no s\u00edtio Web. Os casos em que o utilizador fornece os seus dados pessoais s\u00e3o os seguintes:<\/span><\/p><ul><li style=\"font-weight: 400;\" aria-level=\"1\"><span style=\"font-weight: 400;\">Contactando-nos atrav\u00e9s dos formul\u00e1rios de contacto no s\u00edtio Web.<\/span><\/li><li style=\"font-weight: 400;\" aria-level=\"1\"><span style=\"font-weight: 400;\">Ao comentar um artigo ou uma p\u00e1gina.<\/span><\/li><li style=\"font-weight: 400;\" aria-level=\"1\"><span style=\"font-weight: 400;\">Quando se inscreve num formul\u00e1rio de subscri\u00e7\u00e3o ou num boletim informativo.<\/span><\/li><\/ul><p><span style=\"color: #000000;\"><b>Os seus direitos<\/b><\/span><\/p><p><span style=\"font-weight: 400;\">Relativamente aos seus dados pessoais, o utilizador tem o direito de:<\/span><\/p><ul><li style=\"font-weight: 400;\" aria-level=\"1\"><span style=\"font-weight: 400;\">Solicitar o acesso aos dados armazenados.<\/span><\/li><li style=\"font-weight: 400;\" aria-level=\"1\"><span style=\"font-weight: 400;\">Solicitar a retifica\u00e7\u00e3o ou o apagamento.<\/span><\/li><li style=\"font-weight: 400;\" aria-level=\"1\"><span style=\"font-weight: 400;\">Solicitar a limita\u00e7\u00e3o do seu tratamento.<\/span><\/li><li style=\"font-weight: 400;\" aria-level=\"1\"><span style=\"font-weight: 400;\">Opor-se ao tratamento.<\/span><\/li><li style=\"font-weight: 400;\" aria-level=\"1\"><span style=\"font-weight: 400;\">Solicitar a portabilidade dos seus dados.<\/span><\/li><\/ul><p><span style=\"font-weight: 400;\">O exerc\u00edcio destes direitos \u00e9 pessoal e deve ser exercido diretamente pelo interessado, solicitando-o atrav\u00e9s do formul\u00e1rio de contacto do s\u00edtio Web. Para qualquer consulta ou exerc\u00edcio de direitos, \u00e9 favor utilizar o formul\u00e1rio de contacto dispon\u00edvel no s\u00edtio Web.<\/span><\/p><p><span style=\"font-weight: 400;\">Tem o direito a uma prote\u00e7\u00e3o judicial eficaz e o direito de apresentar uma queixa \u00e0 autoridade de controlo da prote\u00e7\u00e3o de dados competente na Uni\u00e3o Europeia se considerar que o tratamento dos dados pessoais que lhe dizem respeito viola o RGPD.<\/span><\/p><p><span style=\"color: #000000;\"><b>Objetivo do tratamento de dados pessoais<\/b><\/span><\/p><p><span style=\"font-weight: 400;\">Quando o utilizador se liga ao s\u00edtio Web para enviar uma mensagem atrav\u00e9s do formul\u00e1rio de contacto, subscrever uma newsletter ou fazer um coment\u00e1rio, est\u00e1 a fornecer informa\u00e7\u00f5es pessoais pelas quais o Propriet\u00e1rio \u00e9 respons\u00e1vel. Estas informa\u00e7\u00f5es podem incluir informa\u00e7\u00f5es como o seu endere\u00e7o IP, nome, endere\u00e7o de correio eletr\u00f3nico e outras informa\u00e7\u00f5es. Ao fornecer estas informa\u00e7\u00f5es, o utilizador consente que as mesmas sejam recolhidas, utilizadas, geridas e armazenadas apenas conforme descrito no Aviso Legal e na presente Pol\u00edtica de Privacidade.<\/span><\/p><p><span style=\"font-weight: 400;\">Os dados pessoais e a finalidade do tratamento pelo titular dos dados s\u00e3o diferentes consoante o sistema de recolha de informa\u00e7\u00f5es:<\/span><\/p><ul><li style=\"font-weight: 400;\" aria-level=\"1\"><span style=\"font-weight: 400;\">Formul\u00e1rios de contacto: O Propriet\u00e1rio solicita dados como o nome e o endere\u00e7o de correio eletr\u00f3nico para responder \u00e0s suas quest\u00f5es.<\/span><\/li><li style=\"font-weight: 400;\" aria-level=\"1\"><span style=\"font-weight: 400;\">Formul\u00e1rios de subscri\u00e7\u00e3o de conte\u00fados: O Propriet\u00e1rio solicita o nome e o endere\u00e7o de correio eletr\u00f3nico para gerir a lista de subscri\u00e7\u00e3o e enviar boletins informativos.<\/span><\/li><\/ul><p><span style=\"font-weight: 400;\">Existem outras finalidades para as quais o respons\u00e1vel pelo tratamento de dados trata os seus dados pessoais:<\/span><\/p><ul><li style=\"font-weight: 400;\" aria-level=\"1\"><span style=\"font-weight: 400;\">Para garantir o cumprimento das condi\u00e7\u00f5es estabelecidas na Advert\u00eancia Jur\u00eddica e na legisla\u00e7\u00e3o aplic\u00e1vel.<\/span><\/li><li style=\"font-weight: 400;\" aria-level=\"1\"><span style=\"font-weight: 400;\">Para apoiar e melhorar os servi\u00e7os oferecidos por este s\u00edtio Web.<\/span><\/li><li style=\"font-weight: 400;\" aria-level=\"1\"><span style=\"font-weight: 400;\">Para analisar a navega\u00e7\u00e3o utilizando dados n\u00e3o identific\u00e1veis obtidos atrav\u00e9s de cookies (ver Pol\u00edtica de Cookies).<\/span><\/li><\/ul><p><span style=\"color: #000000;\"><b>Seguran\u00e7a dos dados pessoais<\/b><\/span><\/p><p><span style=\"font-weight: 400;\">Para proteger os seus dados pessoais, o Controlador de Dados toma todas as precau\u00e7\u00f5es razo\u00e1veis e segue as melhores pr\u00e1ticas da ind\u00fastria para evitar a perda, utiliza\u00e7\u00e3o indevida, acesso impr\u00f3prio, divulga\u00e7\u00e3o, altera\u00e7\u00e3o ou destrui\u00e7\u00e3o dos seus dados pessoais.<\/span><\/p><p><span style=\"color: #000000;\"><b>Conte\u00fado de outros s\u00edtios Web<\/b><\/span><\/p><p><span style=\"font-weight: 400;\">As p\u00e1ginas deste s\u00edtio Web podem incluir conte\u00fados incorporados (por exemplo, v\u00eddeos, imagens, artigos, etc.). O conte\u00fado incorporado de outros s\u00edtios Web comporta-se exatamente da mesma forma como se o utilizador tivesse visitado o outro s\u00edtio Web.<\/span><\/p><p><span style=\"font-weight: 400;\">Estes s\u00edtios Web podem recolher dados sobre o utilizador, utilizar cookies, incorporar c\u00f3digo de rastreio adicional de terceiros e monitorizar a sua intera\u00e7\u00e3o utilizando este c\u00f3digo.<\/span><\/p><p><span style=\"color: #000000;\"><b>Pol\u00edtica de cookies<\/b><\/span><\/p><p><span style=\"font-weight: 400;\">Para que este s\u00edtio Web funcione corretamente, \u00e9 necess\u00e1rio utilizar cookies, que s\u00e3o informa\u00e7\u00f5es armazenadas no seu navegador Web.<\/span><\/p><p><span style=\"font-weight: 400;\">Na p\u00e1gina Pol\u00edtica de Cookies pode consultar todas as informa\u00e7\u00f5es relativas \u00e0 pol\u00edtica de recolha, \u00e0 finalidade e ao tratamento dos cookies.<\/span><\/p><p><span style=\"color: #000000;\"><b>Legitima\u00e7\u00e3o do tratamento de dados<\/b><\/span><\/p><p><span style=\"font-weight: 400;\">A base jur\u00eddica para o tratamento dos seus dados \u00e9 o consentimento.<\/span><\/p><p><span style=\"font-weight: 400;\">Para contactar o Propriet\u00e1rio, subscrever uma newsletter ou fazer coment\u00e1rios neste s\u00edtio Web, \u00e9 necess\u00e1rio aceitar esta Pol\u00edtica de Privacidade.<\/span><\/p><p><span style=\"color: #000000;\"><b>Categorias de dados pessoais<\/b><\/span><\/p><p><span style=\"font-weight: 400;\">As categorias de dados pessoais tratados pelo respons\u00e1vel pelo tratamento de dados s\u00e3o:<\/span><\/p><ul><li style=\"font-weight: 400;\" aria-level=\"1\"><span style=\"font-weight: 400;\">Dados de identifica\u00e7\u00e3o (nome, correio eletr\u00f3nico).<\/span><\/li><\/ul><p><span style=\"color: #000000;\"><b>Conserva\u00e7\u00e3o de dados pessoais<\/b><\/span><\/p><p><span style=\"font-weight: 400;\">Os dados pessoais que fornecer ao respons\u00e1vel pelo tratamento de dados ser\u00e3o conservados at\u00e9 que solicite a sua elimina\u00e7\u00e3o atrav\u00e9s do formul\u00e1rio de contacto.<\/span><\/p><p><span style=\"color: #000000;\"><b>Destinat\u00e1rios dos dados pessoais<\/b><\/span><\/p><p><span style=\"font-weight: 400;\">O respons\u00e1vel pelo tratamento de dados n\u00e3o partilha dados pessoais com terceiros, a menos que seja legalmente obrigado a faz\u00ea-lo.<\/span><\/p><p><span style=\"font-weight: 400;\">\u00c0 medida que o utilizador navega no s\u00edtio Web, podem ser recolhidos dados n\u00e3o identificadores, que podem incluir o endere\u00e7o IP, a geolocaliza\u00e7\u00e3o, um registo da forma como os servi\u00e7os e s\u00edtios s\u00e3o utilizados, h\u00e1bitos de navega\u00e7\u00e3o e outros dados que n\u00e3o podem ser utilizados para identificar o utilizador.<\/span><\/p><p><span style=\"color: #000000;\"><b>Exatid\u00e3o e veracidade dos dados pessoais<\/b><\/span><\/p><p><span style=\"font-weight: 400;\">O utilizador compromete-se a garantir que os dados fornecidos ao respons\u00e1vel pelo tratamento de dados s\u00e3o corretos, completos, exactos e actualizados, bem como a mant\u00ea-los devidamente actualizados.<\/span><\/p><p><span style=\"font-weight: 400;\">Enquanto utilizador do s\u00edtio Web, \u00e9 o \u00fanico respons\u00e1vel pela veracidade e corre\u00e7\u00e3o dos dados que submete ao s\u00edtio, exonerando o Titular de qualquer responsabilidade a este respeito.<\/span><\/p><p><span style=\"color: #000000;\"><b>Aceita\u00e7\u00e3o e consentimento<\/b><\/span><\/p><p><span style=\"font-weight: 400;\">Como utilizador do s\u00edtio Web, declara ter sido informado das condi\u00e7\u00f5es de prote\u00e7\u00e3o dos dados pessoais, aceita e consente o tratamento desses dados pelo Propriet\u00e1rio na forma e para os fins indicados na presente Pol\u00edtica de Privacidade.<\/span><\/p><p><span style=\"color: #000000;\"><b>Revogabilidade<\/b><\/span><\/p><p><span style=\"font-weight: 400;\">Para exercer os seus direitos de acesso, retifica\u00e7\u00e3o, supress\u00e3o, limita\u00e7\u00e3o, oposi\u00e7\u00e3o e portabilidade, envie o seu pedido atrav\u00e9s do formul\u00e1rio de contacto no s\u00edtio Web.<\/span><\/p><p><span style=\"font-weight: 400;\">O exerc\u00edcio dos seus direitos n\u00e3o inclui quaisquer dados que o respons\u00e1vel pelo tratamento de dados seja obrigado a conservar para fins administrativos, legais ou de seguran\u00e7a.<\/span><\/p><p><span style=\"color: #000000;\"><b>Altera\u00e7\u00f5es \u00e0 pol\u00edtica de privacidade<\/b><\/span><\/p><p><span style=\"font-weight: 400;\">O Propriet\u00e1rio reserva-se o direito de modificar a presente Pol\u00edtica de Privacidade para a adaptar \u00e0 nova legisla\u00e7\u00e3o ou jurisprud\u00eancia, bem como \u00e0s pr\u00e1ticas do sector.<\/span><\/p><p><span style=\"font-weight: 400;\">Estas ap\u00f3lices permanecer\u00e3o em vigor at\u00e9 serem alteradas por outras ap\u00f3lices devidamente publicadas.<\/span><span style=\"font-weight: 400;\"><br \/><\/span><\/p>\t\t\t\t\t\t\t\t<\/div>\n\t\t\t\t\t<\/div>\n\t\t\t\t<\/div>\n\t\t\t\t<\/div>","protected":false},"excerpt":{"rendered":"<p>Pol\u00edtica de Privacidad Pol\u00edtica de Privacidad El titular del sitio web (en adelante, el Titular) informa sobre su Pol\u00edtica de Privacidad respecto del tratamiento y protecci\u00f3n de los datos de car\u00e1cter personal de los usuarios y clientes que puedan ser recabados por la navegaci\u00f3n o contrataci\u00f3n de servicios a trav\u00e9s del sitio web josemariacastillejo.com. En [&hellip;]<\/p>","protected":false},"author":1,"featured_media":0,"parent":0,"menu_order":0,"comment_status":"closed","ping_status":"closed","template":"","meta":{"footnotes":""},"class_list":["post-1787","page","type-page","status-publish","hentry"],"_links":{"self":[{"href":"https:\/\/josemariacastillejo.com\/pt\/wp-json\/wp\/v2\/pages\/1787","targetHints":{"allow":["GET"]}}],"collection":[{"href":"https:\/\/josemariacastillejo.com\/pt\/wp-json\/wp\/v2\/pages"}],"about":[{"href":"https:\/\/josemariacastillejo.com\/pt\/wp-json\/wp\/v2\/types\/page"}],"author":[{"embeddable":true,"href":"https:\/\/josemariacastillejo.com\/pt\/wp-json\/wp\/v2\/users\/1"}],"replies":[{"embeddable":true,"href":"https:\/\/josemariacastillejo.com\/pt\/wp-json\/wp\/v2\/comments?post=1787"}],"version-history":[{"count":33,"href":"https:\/\/josemariacastillejo.com\/pt\/wp-json\/wp\/v2\/pages\/1787\/revisions"}],"predecessor-version":[{"id":6542,"href":"https:\/\/josemariacastillejo.com\/pt\/wp-json\/wp\/v2\/pages\/1787\/revisions\/6542"}],"wp:attachment":[{"href":"https:\/\/josemariacastillejo.com\/pt\/wp-json\/wp\/v2\/media?parent=1787"}],"curies":[{"name":"wp","href":"https:\/\/api.w.org\/{rel}","templated":true}]}}