{"id":16,"date":"2011-04-27T10:40:50","date_gmt":"2011-04-27T08:40:50","guid":{"rendered":"http:\/\/josemariacastillejo.com\/?page_id=16"},"modified":"2016-12-10T03:59:35","modified_gmt":"2016-12-10T01:59:35","slug":"sobre-jose-maria-castillejo","status":"publish","type":"page","link":"https:\/\/josemariacastillejo.com\/ru\/sobre-jose-maria-castillejo\/","title":{"rendered":"Sobre Jos\u00e9 Mar\u00eda Castillejo"},"content":{"rendered":"<p>&nbsp;<\/p>\n<p style=\"text-align: justify;\">Me llamo Jos\u00e9 Mar\u00eda Castillejo, nac\u00ed en Madrid en el a\u00f1o 1962. Soy cat\u00f3lico, creo profundamente en Dios y en nuestra futura vida eterna. Tengo seis hijos maravillosos, seis hermanos en esta Tierra y dos en el Cielo, esper\u00e1ndonos junto a nuestros padres. Soy hu\u00e9rfano desde los 11 a\u00f1os. Todas estas circunstancias en mi vida son apoyos que, sin lugar a dudas, me ayudan, me han ayudado y estoy seguro que me seguir\u00e1n ayudando a ser optimista, fuerte en la vida y confiar en el futuro, aunque a veces se presente dif\u00edcil.&nbsp;<img fetchpriority=\"high\" decoding=\"async\" class=\"wp-image-665 size-medium alignright\" src=\"http:\/\/josemariacastillejo.com\/wp-content\/uploads\/2011\/08\/Foto-jose-Maria-recortada-300x282.jpg\" alt=\"Jos\u00e9 Mar\u00eda Castillejo\" width=\"300\" height=\"282\" srcset=\"https:\/\/josemariacastillejo.com\/wp-content\/uploads\/2011\/08\/Foto-jose-Maria-recortada-300x282.jpg 300w, https:\/\/josemariacastillejo.com\/wp-content\/uploads\/2011\/08\/Foto-jose-Maria-recortada.jpg 435w\" sizes=\"(max-width: 300px) 100vw, 300px\" \/><!--more--><\/p>\n<p style=\"text-align: justify;\">Me gusta el campo, me gusta la mar y disfrutar de la Naturaleza. Entre los campos de Toledo y Andaluc\u00eda se desarroll\u00f3 mi infancia y es en el campo de donde brotan los mejores recuerdos de mi infancia. La mar la descubr\u00ed en la costa Cant\u00e1brica, pescando en la <a title=\"Ria de Bilbao\" href=\"http:\/\/es.wikipedia.org\/wiki\/R%C3%ADa_de_Bilbao\" target=\"_blank\">bah\u00eda del Abra<\/a>. La he disfrutado sobre todo en Baleares, especialmente navegando alrededor de la costa de Mallorca, de la que soy un completo enamorado.<\/p>\n<p style=\"text-align: justify;\">La Naturaleza en su conjunto aprend\u00ed a apreciarla de una manera especial recorriendo el Estado de Maine. All\u00ed pas\u00e9 algunos de los veranos m\u00e1s felices de mi vida, subiendo las <a title=\"Monta\u00f1as Rocosas\" href=\"http:\/\/es.wikipedia.org\/wiki\/Monta%C3%B1as_Rocosas\" target=\"_blank\">monta\u00f1as Rocosas<\/a>, bajando los r\u00e1pidos de los r\u00edos m\u00e1s bellos que he conocido y durmiendo durante semanas bajo el techo de las estrellas.<\/p>\n<p style=\"text-align: justify;\">Nunca podr\u00e9 olvidar como estando acampados al borde del agua en el <a title=\"Allagash \" href=\"http:\/\/en.wikipedia.org\/wiki\/Allagash_River\" target=\"_blank\">Allagash Lake<\/a>, lago al que hab\u00edamos llegado despu\u00e9s de empujar las canoas contra corriente por el r\u00edo del mismo nombre durante m\u00e1s de tres d\u00edas, una noche realmente especial, vimos cruzar por el Cielo, de lado a lado disparado entre las estrellas, el famoso <a title=\"Cometa Halley\" href=\"http:\/\/es.wikipedia.org\/wiki\/Cometa_Halley\" target=\"_blank\">Cometa Halley<\/a>. Es una experiencia que qued\u00f3 para siempre grabada en mi recuerdo.<\/p>\n<p style=\"text-align: justify;\">Tengo tambi\u00e9n, como podr\u00e9 explicar en otro apartado de este <a href=\"http:\/\/josemariacastillejo.com\/\">\u0411\u043b\u043e\u0433<\/a>, varios t\u00edtulos: unos aparentemente merecidos y otros simplemente recibidos. De todos ellos, con el que me siento m\u00e1s identificado es con el de emprendedor. Desde que termin\u00e9 mis estudios de Filosof\u00eda en Roma, en la <a href=\"http:\/\/www.unigre.it\/home_page_en.php\">Pontificia Universit\u00e0 Gregoriana<\/a>, y luego mi MBA en el <a href=\"http:\/\/www.ie.edu\/IE\/site\/php\/es\/\">Instituto de Empresa de Madrid<\/a>, no he parado de emprender proyectos. Unos han terminado con \u00e9xito y otros con fracaso. De todos puedo asegurar que he aprendido.<\/p>\n<p style=\"text-align: justify;\">Una parte importante de mi trabajo actual la llevo a cabo fuera de Espa\u00f1a, por diferentes partes del mundo. En todos estos viajes, desde hace a\u00f1os y durante mucho tiempo me estuvo acompa\u00f1ando un personaje del que tambi\u00e9n me siento muy orgulloso. Un personaje que se est\u00e1 convirtiendo, casi sin querer, en todo un Embajador del talento espa\u00f1ol por el mundo: <a title=\"Pocoyo\" href=\"http:\/\/www.pocoyo.com\/\" target=\"_blank\">Pocoyo<\/a>. Pero hay otras muchas cosas que poder contar.<\/p>\n<p style=\"text-align: justify;\">Me hace ilusi\u00f3n que este <a title=\"Jose Mar\u00eda Castillejo\" href=\"http:\/\/josemariacastillejo.com\/\">blog<\/a> pueda servir como veh\u00edculo de comunicaci\u00f3n directo con otras personas de variadas profesiones, diferentes edades, variados intereses y diferentes pa\u00edses.<\/p>","protected":false},"excerpt":{"rendered":"<p>&nbsp; Me llamo Jos\u00e9 Mar\u00eda Castillejo, nac\u00ed en Madrid en el a\u00f1o 1962. Soy cat\u00f3lico, creo profundamente en Dios y en nuestra futura vida eterna. Tengo seis hijos maravillosos, seis hermanos en esta Tierra y dos en el Cielo, esper\u00e1ndonos junto a nuestros padres. Soy hu\u00e9rfano desde los 11 a\u00f1os. Todas estas circunstancias en mi [&hellip;]<\/p>","protected":false},"author":1,"featured_media":0,"parent":0,"menu_order":0,"comment_status":"open","ping_status":"open","template":"","meta":{"footnotes":""},"class_list":["post-16","page","type-page","status-publish","hentry"],"_links":{"self":[{"href":"https:\/\/josemariacastillejo.com\/ru\/wp-json\/wp\/v2\/pages\/16","targetHints":{"allow":["GET"]}}],"collection":[{"href":"https:\/\/josemariacastillejo.com\/ru\/wp-json\/wp\/v2\/pages"}],"about":[{"href":"https:\/\/josemariacastillejo.com\/ru\/wp-json\/wp\/v2\/types\/page"}],"author":[{"embeddable":true,"href":"https:\/\/josemariacastillejo.com\/ru\/wp-json\/wp\/v2\/users\/1"}],"replies":[{"embeddable":true,"href":"https:\/\/josemariacastillejo.com\/ru\/wp-json\/wp\/v2\/comments?post=16"}],"version-history":[{"count":21,"href":"https:\/\/josemariacastillejo.com\/ru\/wp-json\/wp\/v2\/pages\/16\/revisions"}],"predecessor-version":[{"id":2414,"href":"https:\/\/josemariacastillejo.com\/ru\/wp-json\/wp\/v2\/pages\/16\/revisions\/2414"}],"wp:attachment":[{"href":"https:\/\/josemariacastillejo.com\/ru\/wp-json\/wp\/v2\/media?parent=16"}],"curies":[{"name":"wp","href":"https:\/\/api.w.org\/{rel}","templated":true}]}}